{"id":2502,"date":"2022-09-05T10:00:42","date_gmt":"2022-09-05T08:00:42","guid":{"rendered":"https:\/\/elisepostural.fr\/?page_id=2502"},"modified":"2023-01-18T12:06:25","modified_gmt":"2023-01-18T11:06:25","slug":"bebe-signe","status":"publish","type":"page","link":"https:\/\/elisepostural.fr\/index.php\/bebe-signe\/","title":{"rendered":"Signer avec b\u00e9b\u00e9"},"content":{"rendered":"\t\t<div data-elementor-type=\"wp-page\" data-elementor-id=\"2502\" class=\"elementor elementor-2502\">\n\t\t\t\t\t\t\t\t\t<section class=\"elementor-section elementor-top-section elementor-element elementor-element-792aa5e9 elementor-section-full_width elementor-section-stretched elementor-section-height-default elementor-section-height-default\" data-id=\"792aa5e9\" data-element_type=\"section\" data-settings=\"{&quot;stretch_section&quot;:&quot;section-stretched&quot;,&quot;background_background&quot;:&quot;classic&quot;}\">\n\t\t\t\t\t\t<div class=\"elementor-container elementor-column-gap-default\">\n\t\t\t\t\t<div class=\"elementor-column elementor-col-100 elementor-top-column elementor-element elementor-element-5f8cdb49\" data-id=\"5f8cdb49\" data-element_type=\"column\">\n\t\t\t<div class=\"elementor-widget-wrap elementor-element-populated\">\n\t\t\t\t\t\t\t\t<div class=\"elementor-element elementor-element-1627c3b3 elementor-widget elementor-widget-heading\" data-id=\"1627c3b3\" data-element_type=\"widget\" data-widget_type=\"heading.default\">\n\t\t\t\t<div class=\"elementor-widget-container\">\n\t\t\t<h1 class=\"elementor-heading-title elementor-size-default\">signer avec b\u00e9b\u00e9<\/h1>\t\t<\/div>\n\t\t\t\t<\/div>\n\t\t\t\t<div class=\"elementor-element elementor-element-31f80692 elementor-widget elementor-widget-heading\" data-id=\"31f80692\" data-element_type=\"widget\" data-widget_type=\"heading.default\">\n\t\t\t\t<div class=\"elementor-widget-container\">\n\t\t\t<h2 class=\"elementor-heading-title elementor-size-default\">Communiquer avant la parole<\/h2>\t\t<\/div>\n\t\t\t\t<\/div>\n\t\t\t\t\t<\/div>\n\t\t<\/div>\n\t\t\t\t\t\t\t<\/div>\n\t\t<\/section>\n\t\t\t\t<section class=\"elementor-section elementor-top-section elementor-element elementor-element-3b273256 elementor-section-content-middle elementor-section-full_width elementor-reverse-mobile elementor-section-height-default elementor-section-height-default\" data-id=\"3b273256\" data-element_type=\"section\">\n\t\t\t\t\t\t<div class=\"elementor-container elementor-column-gap-default\">\n\t\t\t\t\t<div class=\"elementor-column elementor-col-50 elementor-top-column elementor-element elementor-element-63f7a95e\" data-id=\"63f7a95e\" data-element_type=\"column\">\n\t\t\t<div class=\"elementor-widget-wrap elementor-element-populated\">\n\t\t\t\t\t\t\t\t<div class=\"elementor-element elementor-element-290a4a31 elementor-widget elementor-widget-image\" data-id=\"290a4a31\" data-element_type=\"widget\" data-widget_type=\"image.default\">\n\t\t\t\t<div class=\"elementor-widget-container\">\n\t\t\t\t\t\t\t\t\t\t\t\t\t\t\t<img loading=\"lazy\" decoding=\"async\" width=\"1024\" height=\"576\" src=\"https:\/\/elisepostural.fr\/wp-content\/uploads\/2022\/09\/Vignette-bebe-signe-1280-\u00d7-720-px-1024x576.png\" class=\"attachment-large size-large wp-image-2238\" alt=\"langue des signes b\u00e9b\u00e9s\" srcset=\"https:\/\/elisepostural.fr\/wp-content\/uploads\/2022\/09\/Vignette-bebe-signe-1280-\u00d7-720-px-1024x576.png 1024w, https:\/\/elisepostural.fr\/wp-content\/uploads\/2022\/09\/Vignette-bebe-signe-1280-\u00d7-720-px-300x169.png 300w, https:\/\/elisepostural.fr\/wp-content\/uploads\/2022\/09\/Vignette-bebe-signe-1280-\u00d7-720-px-768x432.png 768w, https:\/\/elisepostural.fr\/wp-content\/uploads\/2022\/09\/Vignette-bebe-signe-1280-\u00d7-720-px.png 1280w\" sizes=\"auto, (max-width: 1024px) 100vw, 1024px\" \/>\t\t\t\t\t\t\t\t\t\t\t\t\t\t\t<\/div>\n\t\t\t\t<\/div>\n\t\t\t\t\t<\/div>\n\t\t<\/div>\n\t\t\t\t<div class=\"elementor-column elementor-col-50 elementor-top-column elementor-element elementor-element-5b0aba36\" data-id=\"5b0aba36\" data-element_type=\"column\">\n\t\t\t<div class=\"elementor-widget-wrap elementor-element-populated\">\n\t\t\t\t\t\t\t\t<div class=\"elementor-element elementor-element-5dd8fe6c elementor-widget elementor-widget-text-editor\" data-id=\"5dd8fe6c\" data-element_type=\"widget\" data-widget_type=\"text-editor.default\">\n\t\t\t\t<div class=\"elementor-widget-container\">\n\t\t\t\t\t\t\t<p>Votre b\u00e9b\u00e9 cherche \u00e0 se faire comprendre d\u00e8s la naissance par tous les moyens : les sourires, les pleurs, les gazouillis, les premiers gestes (coucou, bravo\u2026). En d\u00e9veloppant cette gestuelle naturelle, votre enfant pourra s\u2019exprimer plus t\u00f4t, r\u00e9duire ses frustrations, pleurs et col\u00e8res.<\/p><p>Gr\u00e2ce \u00e0 de petits signes emprunt\u00e9s \u00e0 la Langue des signes fran\u00e7aise, et associ\u00e9s \u00e0 la parole, vous pourrez mieux comprendre les envies, les besoins et les \u00e9motions de votre b\u00e9b\u00e9, stimuler son syst\u00e8me d\u2019apprentissage et accompagner l\u2019\u00e9mergence de\u00a0la parole. Nous verrons comment int\u00e9grer ces signes dans votre quotidien, mais aussi dans une chanson ou dans une lecture. De beaux moments de partage en perspective !<\/p><p>Je vous propose plusieurs sessions :<\/p><ul><li>Le vocabulaire de base autour du b\u00e9b\u00e9<\/li><li>Les \u00e9motions<\/li><li>Les animaux<\/li><li>Le vocabulaire pour le bambin<\/li><li>Comptines sign\u00e9es<\/li><\/ul>\t\t\t\t\t\t<\/div>\n\t\t\t\t<\/div>\n\t\t\t\t\t<\/div>\n\t\t<\/div>\n\t\t\t\t\t\t\t<\/div>\n\t\t<\/section>\n\t\t\t\t<section class=\"elementor-section elementor-top-section elementor-element elementor-element-792e147 elementor-section-boxed elementor-section-height-default elementor-section-height-default\" data-id=\"792e147\" data-element_type=\"section\">\n\t\t\t\t\t\t<div class=\"elementor-container elementor-column-gap-default\">\n\t\t\t\t\t<div class=\"elementor-column elementor-col-100 elementor-top-column elementor-element elementor-element-ac6db60\" data-id=\"ac6db60\" data-element_type=\"column\">\n\t\t\t<div class=\"elementor-widget-wrap elementor-element-populated\">\n\t\t\t\t\t\t\t\t<div class=\"elementor-element elementor-element-492427b1 elementor-widget elementor-widget-heading\" data-id=\"492427b1\" data-element_type=\"widget\" data-widget_type=\"heading.default\">\n\t\t\t\t<div class=\"elementor-widget-container\">\n\t\t\t<h2 class=\"elementor-heading-title elementor-size-default\">S\u00e9ance priv\u00e9e sur RDV<\/h2>\t\t<\/div>\n\t\t\t\t<\/div>\n\t\t\t\t<div class=\"elementor-element elementor-element-5beec562 elementor-widget elementor-widget-text-editor\" data-id=\"5beec562\" data-element_type=\"widget\" data-widget_type=\"text-editor.default\">\n\t\t\t\t<div class=\"elementor-widget-container\">\n\t\t\t\t\t\t\t<p>Parents ou professionnels de la petite enfance, contactez-moi pour organiser une session !<\/p>\t\t\t\t\t\t<\/div>\n\t\t\t\t<\/div>\n\t\t\t\t<div class=\"elementor-element elementor-element-56a7b99 elementor-align-left elementor-mobile-align-center elementor-widget elementor-widget-button\" data-id=\"56a7b99\" data-element_type=\"widget\" data-widget_type=\"button.default\">\n\t\t\t\t<div class=\"elementor-widget-container\">\n\t\t\t\t\t<div class=\"elementor-button-wrapper\">\n\t\t\t<a class=\"elementor-button elementor-button-link elementor-size-lg\" href=\"mailto:elise.postural@gmail.com\">\n\t\t\t\t\t\t<span class=\"elementor-button-content-wrapper\">\n\t\t\t\t\t\t<span class=\"elementor-button-icon elementor-align-icon-right\">\n\t\t\t\t<i aria-hidden=\"true\" class=\"fas fa-angle-double-right\"><\/i>\t\t\t<\/span>\n\t\t\t\t\t\t<span class=\"elementor-button-text\">Contact<\/span>\n\t\t<\/span>\n\t\t\t\t\t<\/a>\n\t\t<\/div>\n\t\t\t\t<\/div>\n\t\t\t\t<\/div>\n\t\t\t\t\t<\/div>\n\t\t<\/div>\n\t\t\t\t\t\t\t<\/div>\n\t\t<\/section>\n\t\t\t\t\t\t\t<\/div>\n\t\t","protected":false},"excerpt":{"rendered":"<p>signer avec b\u00e9b\u00e9 Communiquer avant la parole Votre b\u00e9b\u00e9 cherche \u00e0 se faire comprendre d\u00e8s la naissance par tous les moyens : les sourires, les pleurs, les gazouillis, les premiers gestes (coucou, bravo\u2026). En d\u00e9veloppant cette gestuelle naturelle, votre enfant pourra s\u2019exprimer plus t\u00f4t, r\u00e9duire ses frustrations, pleurs et col\u00e8res. Gr\u00e2ce \u00e0 de petits signes [&hellip;]<\/p>\n","protected":false},"author":1,"featured_media":0,"parent":0,"menu_order":0,"comment_status":"closed","ping_status":"closed","template":"","meta":{"ocean_post_layout":"","ocean_both_sidebars_style":"","ocean_both_sidebars_content_width":0,"ocean_both_sidebars_sidebars_width":0,"ocean_sidebar":"0","ocean_second_sidebar":"0","ocean_disable_margins":"enable","ocean_add_body_class":"","ocean_shortcode_before_top_bar":"","ocean_shortcode_after_top_bar":"","ocean_shortcode_before_header":"","ocean_shortcode_after_header":"","ocean_has_shortcode":"","ocean_shortcode_after_title":"","ocean_shortcode_before_footer_widgets":"","ocean_shortcode_after_footer_widgets":"","ocean_shortcode_before_footer_bottom":"","ocean_shortcode_after_footer_bottom":"","ocean_display_top_bar":"default","ocean_display_header":"default","ocean_header_style":"","ocean_center_header_left_menu":"0","ocean_custom_header_template":"0","ocean_custom_logo":0,"ocean_custom_retina_logo":0,"ocean_custom_logo_max_width":0,"ocean_custom_logo_tablet_max_width":0,"ocean_custom_logo_mobile_max_width":0,"ocean_custom_logo_max_height":0,"ocean_custom_logo_tablet_max_height":0,"ocean_custom_logo_mobile_max_height":0,"ocean_header_custom_menu":"0","ocean_menu_typo_font_family":"0","ocean_menu_typo_font_subset":"","ocean_menu_typo_font_size":0,"ocean_menu_typo_font_size_tablet":0,"ocean_menu_typo_font_size_mobile":0,"ocean_menu_typo_font_size_unit":"px","ocean_menu_typo_font_weight":"","ocean_menu_typo_font_weight_tablet":"","ocean_menu_typo_font_weight_mobile":"","ocean_menu_typo_transform":"","ocean_menu_typo_transform_tablet":"","ocean_menu_typo_transform_mobile":"","ocean_menu_typo_line_height":0,"ocean_menu_typo_line_height_tablet":0,"ocean_menu_typo_line_height_mobile":0,"ocean_menu_typo_line_height_unit":"","ocean_menu_typo_spacing":0,"ocean_menu_typo_spacing_tablet":0,"ocean_menu_typo_spacing_mobile":0,"ocean_menu_typo_spacing_unit":"","ocean_menu_link_color":"","ocean_menu_link_color_hover":"","ocean_menu_link_color_active":"","ocean_menu_link_background":"","ocean_menu_link_hover_background":"","ocean_menu_link_active_background":"","ocean_menu_social_links_bg":"","ocean_menu_social_hover_links_bg":"","ocean_menu_social_links_color":"","ocean_menu_social_hover_links_color":"","ocean_disable_title":"default","ocean_disable_heading":"default","ocean_post_title":"","ocean_post_subheading":"","ocean_post_title_style":"","ocean_post_title_background_color":"","ocean_post_title_background":0,"ocean_post_title_bg_image_position":"","ocean_post_title_bg_image_attachment":"","ocean_post_title_bg_image_repeat":"","ocean_post_title_bg_image_size":"","ocean_post_title_height":0,"ocean_post_title_bg_overlay":0.5,"ocean_post_title_bg_overlay_color":"","ocean_disable_breadcrumbs":"default","ocean_breadcrumbs_color":"","ocean_breadcrumbs_separator_color":"","ocean_breadcrumbs_links_color":"","ocean_breadcrumbs_links_hover_color":"","ocean_display_footer_widgets":"default","ocean_display_footer_bottom":"default","ocean_custom_footer_template":"0","footnotes":""},"class_list":["post-2502","page","type-page","status-publish","hentry","entry"],"yoast_head":"<!-- This site is optimized with the Yoast SEO plugin v24.9 - https:\/\/yoast.com\/wordpress\/plugins\/seo\/ -->\n<title>Signer avec b\u00e9b\u00e9 - Elise Postural, pr\u00e9vention sant\u00e9 par le mouvement<\/title>\n<meta name=\"description\" content=\"Atelier de langue des signes associ\u00e9 \u00e0 la parole pour communiquer avec son b\u00e9b\u00e9. En petit groupe \u00e0 Meudon.\" \/>\n<meta name=\"robots\" content=\"index, follow, max-snippet:-1, max-image-preview:large, max-video-preview:-1\" \/>\n<link rel=\"canonical\" href=\"https:\/\/elisepostural.fr\/index.php\/bebe-signe\/\" \/>\n<meta property=\"og:locale\" content=\"fr_FR\" \/>\n<meta property=\"og:type\" content=\"article\" \/>\n<meta property=\"og:title\" content=\"Signer avec b\u00e9b\u00e9 - Elise Postural, pr\u00e9vention sant\u00e9 par le mouvement\" \/>\n<meta property=\"og:description\" content=\"Atelier de langue des signes associ\u00e9 \u00e0 la parole pour communiquer avec son b\u00e9b\u00e9. En petit groupe \u00e0 Meudon.\" \/>\n<meta property=\"og:url\" content=\"https:\/\/elisepostural.fr\/index.php\/bebe-signe\/\" \/>\n<meta property=\"og:site_name\" content=\"Elise Postural, pr\u00e9vention sant\u00e9 par le mouvement\" \/>\n<meta property=\"article:publisher\" content=\"https:\/\/www.facebook.com\/elisepostural\" \/>\n<meta property=\"article:modified_time\" content=\"2023-01-18T11:06:25+00:00\" \/>\n<meta name=\"twitter:card\" content=\"summary_large_image\" \/>\n<meta name=\"twitter:label1\" content=\"Dur\u00e9e de lecture estim\u00e9e\" \/>\n\t<meta name=\"twitter:data1\" content=\"1 minute\" \/>\n<script type=\"application\/ld+json\" class=\"yoast-schema-graph\">{\"@context\":\"https:\/\/schema.org\",\"@graph\":[{\"@type\":\"WebPage\",\"@id\":\"https:\/\/elisepostural.fr\/index.php\/bebe-signe\/\",\"url\":\"https:\/\/elisepostural.fr\/index.php\/bebe-signe\/\",\"name\":\"Signer avec b\u00e9b\u00e9 - Elise Postural, pr\u00e9vention sant\u00e9 par le mouvement\",\"isPartOf\":{\"@id\":\"https:\/\/elisepostural.fr\/#website\"},\"datePublished\":\"2022-09-05T08:00:42+00:00\",\"dateModified\":\"2023-01-18T11:06:25+00:00\",\"description\":\"Atelier de langue des signes associ\u00e9 \u00e0 la parole pour communiquer avec son b\u00e9b\u00e9. En petit groupe \u00e0 Meudon.\",\"breadcrumb\":{\"@id\":\"https:\/\/elisepostural.fr\/index.php\/bebe-signe\/#breadcrumb\"},\"inLanguage\":\"fr-FR\",\"potentialAction\":[{\"@type\":\"ReadAction\",\"target\":[\"https:\/\/elisepostural.fr\/index.php\/bebe-signe\/\"]}]},{\"@type\":\"BreadcrumbList\",\"@id\":\"https:\/\/elisepostural.fr\/index.php\/bebe-signe\/#breadcrumb\",\"itemListElement\":[{\"@type\":\"ListItem\",\"position\":1,\"name\":\"Accueil\",\"item\":\"https:\/\/elisepostural.fr\/\"},{\"@type\":\"ListItem\",\"position\":2,\"name\":\"Signer avec b\u00e9b\u00e9\"}]},{\"@type\":\"WebSite\",\"@id\":\"https:\/\/elisepostural.fr\/#website\",\"url\":\"https:\/\/elisepostural.fr\/\",\"name\":\"Elise Postural, pr\u00e9vention sant\u00e9 par le mouvement\",\"description\":\"\",\"publisher\":{\"@id\":\"https:\/\/elisepostural.fr\/#organization\"},\"potentialAction\":[{\"@type\":\"SearchAction\",\"target\":{\"@type\":\"EntryPoint\",\"urlTemplate\":\"https:\/\/elisepostural.fr\/?s={search_term_string}\"},\"query-input\":{\"@type\":\"PropertyValueSpecification\",\"valueRequired\":true,\"valueName\":\"search_term_string\"}}],\"inLanguage\":\"fr-FR\"},{\"@type\":\"Organization\",\"@id\":\"https:\/\/elisepostural.fr\/#organization\",\"name\":\"Elise Postural\",\"url\":\"https:\/\/elisepostural.fr\/\",\"logo\":{\"@type\":\"ImageObject\",\"inLanguage\":\"fr-FR\",\"@id\":\"https:\/\/elisepostural.fr\/#\/schema\/logo\/image\/\",\"url\":\"https:\/\/elisepostural.fr\/wp-content\/uploads\/2021\/08\/logo-nobackground-500.png\",\"contentUrl\":\"https:\/\/elisepostural.fr\/wp-content\/uploads\/2021\/08\/logo-nobackground-500.png\",\"width\":500,\"height\":500,\"caption\":\"Elise Postural\"},\"image\":{\"@id\":\"https:\/\/elisepostural.fr\/#\/schema\/logo\/image\/\"},\"sameAs\":[\"https:\/\/www.facebook.com\/elisepostural\",\"https:\/\/www.instagram.com\/elisepostural\/\",\"https:\/\/www.linkedin.com\/in\/elise-nhouyvanisvong-62363772\/\",\"https:\/\/www.youtube.com\/channel\/UCQbx56dVgxXC7sZd01NJOyg\"]}]}<\/script>\n<!-- \/ Yoast SEO plugin. -->","yoast_head_json":{"title":"Signer avec b\u00e9b\u00e9 - Elise Postural, pr\u00e9vention sant\u00e9 par le mouvement","description":"Atelier de langue des signes associ\u00e9 \u00e0 la parole pour communiquer avec son b\u00e9b\u00e9. En petit groupe \u00e0 Meudon.","robots":{"index":"index","follow":"follow","max-snippet":"max-snippet:-1","max-image-preview":"max-image-preview:large","max-video-preview":"max-video-preview:-1"},"canonical":"https:\/\/elisepostural.fr\/index.php\/bebe-signe\/","og_locale":"fr_FR","og_type":"article","og_title":"Signer avec b\u00e9b\u00e9 - Elise Postural, pr\u00e9vention sant\u00e9 par le mouvement","og_description":"Atelier de langue des signes associ\u00e9 \u00e0 la parole pour communiquer avec son b\u00e9b\u00e9. En petit groupe \u00e0 Meudon.","og_url":"https:\/\/elisepostural.fr\/index.php\/bebe-signe\/","og_site_name":"Elise Postural, pr\u00e9vention sant\u00e9 par le mouvement","article_publisher":"https:\/\/www.facebook.com\/elisepostural","article_modified_time":"2023-01-18T11:06:25+00:00","twitter_card":"summary_large_image","twitter_misc":{"Dur\u00e9e de lecture estim\u00e9e":"1 minute"},"schema":{"@context":"https:\/\/schema.org","@graph":[{"@type":"WebPage","@id":"https:\/\/elisepostural.fr\/index.php\/bebe-signe\/","url":"https:\/\/elisepostural.fr\/index.php\/bebe-signe\/","name":"Signer avec b\u00e9b\u00e9 - Elise Postural, pr\u00e9vention sant\u00e9 par le mouvement","isPartOf":{"@id":"https:\/\/elisepostural.fr\/#website"},"datePublished":"2022-09-05T08:00:42+00:00","dateModified":"2023-01-18T11:06:25+00:00","description":"Atelier de langue des signes associ\u00e9 \u00e0 la parole pour communiquer avec son b\u00e9b\u00e9. En petit groupe \u00e0 Meudon.","breadcrumb":{"@id":"https:\/\/elisepostural.fr\/index.php\/bebe-signe\/#breadcrumb"},"inLanguage":"fr-FR","potentialAction":[{"@type":"ReadAction","target":["https:\/\/elisepostural.fr\/index.php\/bebe-signe\/"]}]},{"@type":"BreadcrumbList","@id":"https:\/\/elisepostural.fr\/index.php\/bebe-signe\/#breadcrumb","itemListElement":[{"@type":"ListItem","position":1,"name":"Accueil","item":"https:\/\/elisepostural.fr\/"},{"@type":"ListItem","position":2,"name":"Signer avec b\u00e9b\u00e9"}]},{"@type":"WebSite","@id":"https:\/\/elisepostural.fr\/#website","url":"https:\/\/elisepostural.fr\/","name":"Elise Postural, pr\u00e9vention sant\u00e9 par le mouvement","description":"","publisher":{"@id":"https:\/\/elisepostural.fr\/#organization"},"potentialAction":[{"@type":"SearchAction","target":{"@type":"EntryPoint","urlTemplate":"https:\/\/elisepostural.fr\/?s={search_term_string}"},"query-input":{"@type":"PropertyValueSpecification","valueRequired":true,"valueName":"search_term_string"}}],"inLanguage":"fr-FR"},{"@type":"Organization","@id":"https:\/\/elisepostural.fr\/#organization","name":"Elise Postural","url":"https:\/\/elisepostural.fr\/","logo":{"@type":"ImageObject","inLanguage":"fr-FR","@id":"https:\/\/elisepostural.fr\/#\/schema\/logo\/image\/","url":"https:\/\/elisepostural.fr\/wp-content\/uploads\/2021\/08\/logo-nobackground-500.png","contentUrl":"https:\/\/elisepostural.fr\/wp-content\/uploads\/2021\/08\/logo-nobackground-500.png","width":500,"height":500,"caption":"Elise Postural"},"image":{"@id":"https:\/\/elisepostural.fr\/#\/schema\/logo\/image\/"},"sameAs":["https:\/\/www.facebook.com\/elisepostural","https:\/\/www.instagram.com\/elisepostural\/","https:\/\/www.linkedin.com\/in\/elise-nhouyvanisvong-62363772\/","https:\/\/www.youtube.com\/channel\/UCQbx56dVgxXC7sZd01NJOyg"]}]}},"jetpack_sharing_enabled":true,"_links":{"self":[{"href":"https:\/\/elisepostural.fr\/index.php\/wp-json\/wp\/v2\/pages\/2502","targetHints":{"allow":["GET"]}}],"collection":[{"href":"https:\/\/elisepostural.fr\/index.php\/wp-json\/wp\/v2\/pages"}],"about":[{"href":"https:\/\/elisepostural.fr\/index.php\/wp-json\/wp\/v2\/types\/page"}],"author":[{"embeddable":true,"href":"https:\/\/elisepostural.fr\/index.php\/wp-json\/wp\/v2\/users\/1"}],"replies":[{"embeddable":true,"href":"https:\/\/elisepostural.fr\/index.php\/wp-json\/wp\/v2\/comments?post=2502"}],"version-history":[{"count":22,"href":"https:\/\/elisepostural.fr\/index.php\/wp-json\/wp\/v2\/pages\/2502\/revisions"}],"predecessor-version":[{"id":3555,"href":"https:\/\/elisepostural.fr\/index.php\/wp-json\/wp\/v2\/pages\/2502\/revisions\/3555"}],"wp:attachment":[{"href":"https:\/\/elisepostural.fr\/index.php\/wp-json\/wp\/v2\/media?parent=2502"}],"curies":[{"name":"wp","href":"https:\/\/api.w.org\/{rel}","templated":true}]}}