{"id":2899,"date":"2022-09-22T15:31:52","date_gmt":"2022-09-22T13:31:52","guid":{"rendered":"https:\/\/elisepostural.fr\/?page_id=2899"},"modified":"2025-07-31T14:33:55","modified_gmt":"2025-07-31T12:33:55","slug":"coaching-prive","status":"publish","type":"page","link":"https:\/\/elisepostural.fr\/index.php\/coaching-prive\/","title":{"rendered":"Cours priv\u00e9s"},"content":{"rendered":"\t\t<div data-elementor-type=\"wp-page\" data-elementor-id=\"2899\" class=\"elementor elementor-2899\">\n\t\t\t\t\t\t\t\t\t<section class=\"elementor-section elementor-top-section elementor-element elementor-element-63feff0d elementor-section-stretched elementor-section-full_width elementor-section-height-default elementor-section-height-default\" data-id=\"63feff0d\" data-element_type=\"section\" data-settings=\"{&quot;stretch_section&quot;:&quot;section-stretched&quot;,&quot;background_background&quot;:&quot;classic&quot;}\">\n\t\t\t\t\t\t<div class=\"elementor-container elementor-column-gap-default\">\n\t\t\t\t\t<div class=\"elementor-column elementor-col-100 elementor-top-column elementor-element elementor-element-7143b652\" data-id=\"7143b652\" data-element_type=\"column\">\n\t\t\t<div class=\"elementor-widget-wrap elementor-element-populated\">\n\t\t\t\t\t\t\t\t<div class=\"elementor-element elementor-element-4046f0f6 elementor-widget elementor-widget-heading\" data-id=\"4046f0f6\" data-element_type=\"widget\" data-widget_type=\"heading.default\">\n\t\t\t\t<div class=\"elementor-widget-container\">\n\t\t\t<h1 class=\"elementor-heading-title elementor-size-default\">cours priv\u00e9s<\/h1>\t\t<\/div>\n\t\t\t\t<\/div>\n\t\t\t\t<div class=\"elementor-element elementor-element-70beab33 elementor-widget elementor-widget-heading\" data-id=\"70beab33\" data-element_type=\"widget\" data-widget_type=\"heading.default\">\n\t\t\t\t<div class=\"elementor-widget-container\">\n\t\t\t<h2 class=\"elementor-heading-title elementor-size-default\">La pratique sur-mesure<\/h2>\t\t<\/div>\n\t\t\t\t<\/div>\n\t\t\t\t\t<\/div>\n\t\t<\/div>\n\t\t\t\t\t\t\t<\/div>\n\t\t<\/section>\n\t\t\t\t<section class=\"elementor-section elementor-top-section elementor-element elementor-element-5be5ccfe elementor-section-content-middle elementor-section-full_width elementor-reverse-mobile elementor-section-height-default elementor-section-height-default\" data-id=\"5be5ccfe\" data-element_type=\"section\">\n\t\t\t\t\t\t<div class=\"elementor-container elementor-column-gap-default\">\n\t\t\t\t\t<div class=\"elementor-column elementor-col-50 elementor-top-column elementor-element elementor-element-2249be21\" data-id=\"2249be21\" data-element_type=\"column\">\n\t\t\t<div class=\"elementor-widget-wrap elementor-element-populated\">\n\t\t\t\t\t\t\t\t<div class=\"elementor-element elementor-element-2bfd2d62 elementor-widget elementor-widget-image\" data-id=\"2bfd2d62\" data-element_type=\"widget\" data-widget_type=\"image.default\">\n\t\t\t\t<div class=\"elementor-widget-container\">\n\t\t\t\t\t\t\t\t\t\t\t\t\t\t\t<img loading=\"lazy\" decoding=\"async\" width=\"1000\" height=\"750\" src=\"https:\/\/elisepostural.fr\/wp-content\/uploads\/2022\/09\/coaching-prive\u0301.png\" class=\"attachment-large size-large wp-image-2928\" alt=\"cours particulier pilates et yoga\" srcset=\"https:\/\/elisepostural.fr\/wp-content\/uploads\/2022\/09\/coaching-prive\u0301.png 1000w, https:\/\/elisepostural.fr\/wp-content\/uploads\/2022\/09\/coaching-prive\u0301-300x225.png 300w, https:\/\/elisepostural.fr\/wp-content\/uploads\/2022\/09\/coaching-prive\u0301-768x576.png 768w\" sizes=\"auto, (max-width: 1000px) 100vw, 1000px\" \/>\t\t\t\t\t\t\t\t\t\t\t\t\t\t\t<\/div>\n\t\t\t\t<\/div>\n\t\t\t\t\t<\/div>\n\t\t<\/div>\n\t\t\t\t<div class=\"elementor-column elementor-col-50 elementor-top-column elementor-element elementor-element-57f63897\" data-id=\"57f63897\" data-element_type=\"column\">\n\t\t\t<div class=\"elementor-widget-wrap elementor-element-populated\">\n\t\t\t\t\t\t\t\t<div class=\"elementor-element elementor-element-7a55a23b elementor-widget elementor-widget-text-editor\" data-id=\"7a55a23b\" data-element_type=\"widget\" data-widget_type=\"text-editor.default\">\n\t\t\t\t<div class=\"elementor-widget-container\">\n\t\t\t\t\t\t\t<p class=\"p1\">Tu as un objectif pr\u00e9cis ? Une probl\u00e9matique \u00e0 r\u00e9soudre ? Ou simplement envie de te faire du bien ? Que tu d\u00e9butes ou que tu veuilles progresser, je te propose une <span class=\"s1\"><b>s\u00e9ance enti\u00e8rement personnalis\u00e9e<\/b><\/span>, pens\u00e9e rien que pour toi.<\/p><p class=\"p1\">Je t\u2019accueille sur rendez-vous au <span class=\"s1\"><b>Cocon<\/b><\/span>, au 49 bis rue de la Belgique \u00e0 Meudon.<\/p><p class=\"p1\">Le cours peut aussi se faire en <span class=\"s1\"><b>visio<\/b><\/span>, si tu pr\u00e9f\u00e8res rester chez toi.<\/p><p class=\"p1\">Je peux \u00e9galement me d\u00e9placer \u00e0 <span class=\"s1\"><b>ton domicile<\/b><\/span> si tu habites Meudon ou les environs, et que tu es en p\u00e9riode post-op\u00e9ratoire, post-partum imm\u00e9diat ou que tu ne peux pas te d\u00e9placer facilement.<\/p><p class=\"p1\">Les s\u00e9ances peuvent \u00eatre <span class=\"s1\"><b>individuelles<\/b><\/span> ou se faire \u00e0 plusieurs : en couple, entre ami\u00b7e\u00b7s, en famille\u2026<\/p><p class=\"p1\">Quel que soit ton \u00e2ge, ton niveau ou ta condition physique, je m\u2019adapte \u00e0 <span class=\"s1\"><b>tes besoins<\/b><\/span> et \u00e0 <span class=\"s1\"><b>tes objectifs<\/b><\/span>.<\/p>\t\t\t\t\t\t<\/div>\n\t\t\t\t<\/div>\n\t\t\t\t\t<\/div>\n\t\t<\/div>\n\t\t\t\t\t\t\t<\/div>\n\t\t<\/section>\n\t\t\t\t<section class=\"elementor-section elementor-top-section elementor-element elementor-element-137fae7 elementor-section-boxed elementor-section-height-default elementor-section-height-default\" data-id=\"137fae7\" data-element_type=\"section\">\n\t\t\t\t\t\t<div class=\"elementor-container elementor-column-gap-default\">\n\t\t\t\t\t<div class=\"elementor-column elementor-col-100 elementor-top-column elementor-element elementor-element-d02c892\" data-id=\"d02c892\" data-element_type=\"column\">\n\t\t\t<div class=\"elementor-widget-wrap elementor-element-populated\">\n\t\t\t\t\t\t\t\t<div class=\"elementor-element elementor-element-6a52947 elementor-widget__width-initial elementor-widget elementor-widget-text-editor\" data-id=\"6a52947\" data-element_type=\"widget\" data-widget_type=\"text-editor.default\">\n\t\t\t\t<div class=\"elementor-widget-container\">\n\t\t\t\t\t\t\t<p class=\"p1\"><b>Premi\u00e8re s\u00e9ance : le Bilan Forme &amp; Mouvement\u00a0<\/b><\/p><p class=\"p3\">Pour commencer, je r\u00e9alise un <span class=\"s1\"><b>bilan neuro-postural<\/b><\/span>. Ce bilan me permet d\u2019adapter pr\u00e9cis\u00e9ment le coaching \u00e0 ta situation : \u00e0 ton syst\u00e8me nerveux, sensoriel, et \u00e0 ton organisation posturale.<\/p><p class=\"p3\">Ce bilan est utile si tu veux :<\/p><p class=\"p4\">\u2022Te lancer dans un coaching individuel<\/p><p class=\"p4\">\u2022Rejoindre un cours collectif<\/p><p class=\"p4\">\u2022Ou simplement mieux comprendre ton corps et, si besoin, t\u2019orienter vers un autre professionnel (sant\u00e9 ou forme)<\/p>\t\t\t\t\t\t<\/div>\n\t\t\t\t<\/div>\n\t\t\t\t\t<\/div>\n\t\t<\/div>\n\t\t\t\t\t\t\t<\/div>\n\t\t<\/section>\n\t\t\t\t<section class=\"elementor-section elementor-top-section elementor-element elementor-element-8f4c3d8 elementor-section-boxed elementor-section-height-default elementor-section-height-default\" data-id=\"8f4c3d8\" data-element_type=\"section\">\n\t\t\t\t\t\t<div class=\"elementor-container elementor-column-gap-default\">\n\t\t\t\t\t<div class=\"elementor-column elementor-col-100 elementor-top-column elementor-element elementor-element-6b0b845\" data-id=\"6b0b845\" data-element_type=\"column\">\n\t\t\t<div class=\"elementor-widget-wrap elementor-element-populated\">\n\t\t\t\t\t\t\t\t<div class=\"elementor-element elementor-element-9302cce elementor-align-center elementor-mobile-align-center elementor-widget elementor-widget-button\" data-id=\"9302cce\" data-element_type=\"widget\" data-widget_type=\"button.default\">\n\t\t\t\t<div class=\"elementor-widget-container\">\n\t\t\t\t\t<div class=\"elementor-button-wrapper\">\n\t\t\t<a class=\"elementor-button elementor-button-link elementor-size-lg\" href=\"https:\/\/calendly.com\/elisepostural\/studio\" target=\"_blank\">\n\t\t\t\t\t\t<span class=\"elementor-button-content-wrapper\">\n\t\t\t\t\t\t<span class=\"elementor-button-icon elementor-align-icon-right\">\n\t\t\t\t<i aria-hidden=\"true\" class=\"fas fa-angle-double-right\"><\/i>\t\t\t<\/span>\n\t\t\t\t\t\t<span class=\"elementor-button-text\">Prendre rdv <\/span>\n\t\t<\/span>\n\t\t\t\t\t<\/a>\n\t\t<\/div>\n\t\t\t\t<\/div>\n\t\t\t\t<\/div>\n\t\t\t\t\t<\/div>\n\t\t<\/div>\n\t\t\t\t\t\t\t<\/div>\n\t\t<\/section>\n\t\t\t\t<section class=\"elementor-section elementor-top-section elementor-element elementor-element-26f12dc elementor-section-boxed elementor-section-height-default elementor-section-height-default\" data-id=\"26f12dc\" data-element_type=\"section\">\n\t\t\t\t\t\t<div class=\"elementor-container elementor-column-gap-default\">\n\t\t\t\t\t<div class=\"elementor-column elementor-col-100 elementor-top-column elementor-element elementor-element-13b0250\" data-id=\"13b0250\" data-element_type=\"column\">\n\t\t\t<div class=\"elementor-widget-wrap elementor-element-populated\">\n\t\t\t\t\t\t\t\t<div class=\"elementor-element elementor-element-0e5a0cb elementor-widget elementor-widget-text-editor\" data-id=\"0e5a0cb\" data-element_type=\"widget\" data-widget_type=\"text-editor.default\">\n\t\t\t\t<div class=\"elementor-widget-container\">\n\t\t\t\t\t\t\t<p class=\"p1\"><b>Je peux t\u2019accompagner dans diff\u00e9rents cas :<\/b><\/p><p class=\"p2\">\u2022Remise en forme<\/p><p class=\"p2\">\u2022Grossesse (du 1er au dernier jour)<\/p><p class=\"p2\">\u2022Pr\u00e9paration \u00e0 la naissance (seule ou en couple)<\/p><p class=\"p2\">\u2022Post-partum (d\u00e8s l\u2019accouchement)<\/p><p class=\"p2\">\u2022Diastasis \/ p\u00e9rin\u00e9e<\/p><p class=\"p2\">\u2022Posture &amp; bien-\u00eatre du dos<\/p><p class=\"p2\">\u2022Pr\u00e9vention sant\u00e9 (maladies chroniques, affections longue dur\u00e9e\u2026)<\/p><p class=\"p4\">\ud83d\udca1 En tant que dipl\u00f4m\u00e9e en <span class=\"s1\"><b>Activit\u00e9 Physique Adapt\u00e9e<\/b><\/span>, je peux aussi accompagner les personnes ayant de l\u00e9g\u00e8res limitations fonctionnelles, sur <span class=\"s1\"><b>prescription m\u00e9dicale<\/b><\/span>, dans le cadre du dispositif <span class=\"s1\"><b>\u201cSport sur Ordonnance\u201d<\/b><\/span>.<\/p><p class=\"p1\"><b>Pourquoi faire un bilan ?<\/b><\/p><p class=\"p3\">Le bilan est un <span class=\"s1\"><b>point de d\u00e9part essentiel<\/b><\/span> si tu veux (re)commencer une activit\u00e9 physique de fa\u00e7on efficace et s\u00e9curis\u00e9e. Il te permet de :<\/p><p class=\"p3\">\u2705 Mieux comprendre ton \u00e9tat de forme<\/p><p class=\"p3\">\u2705 Identifier tes forces et axes de progression<\/p><p class=\"p3\">\u2705 Choisir un accompagnement qui te correspond vraiment (objectifs, rythme de vie, budget)<\/p><p class=\"p1\"><b>Ce que le bilan comprend :<\/b><\/p><p class=\"p3\">\ud83d\udc49 Un \u00e9change individualis\u00e9 : parcours, motivation, contraintes (temps, sant\u00e9, budget\u2026)<\/p><p class=\"p3\">\ud83d\udc49 Une analyse posturale<\/p><p class=\"p3\">\ud83d\udc49 Des tests de force et\/ou de souplesse adapt\u00e9s \u00e0 ton profil<\/p><p class=\"p3\">\ud83d\udc49 Des tests sensoriels, si besoin<\/p><p class=\"p1\"><b>Et apr\u00e8s ?<\/b><\/p><p class=\"p3\">\u00c0 la fin du bilan, je te propose la solution la plus adapt\u00e9e :<\/p><p class=\"p3\">\ud83d\udcaa Coaching priv\u00e9 (le prix du bilan est <span class=\"s1\"><b>d\u00e9duit<\/b><\/span> de l\u2019offre globale)<\/p><p class=\"p3\">\ud83e\udd38\u200d\u2640\ufe0f Cours collectifs<\/p><p class=\"p3\">\ud83e\uddd8\u200d\u2640\ufe0f Acc\u00e8s au <span class=\"s1\"><b>Studio en ligne<\/b><\/span> pour t\u2019entra\u00eener \u00e0 ton rythme<\/p><p class=\"p3\">\ud83d\udeb6 Pratique en autonomie ou dans une autre structure, avec des recommandations personnalis\u00e9es<\/p><p class=\"p1\"><b>\u00c0 qui s\u2019adresse ce bilan ?<\/b><\/p><p class=\"p3\">\u27a1 \u00c0 toute personne qui souhaite :<\/p><p class=\"p4\">\u2022Reprendre ou commencer une activit\u00e9<\/p><p class=\"p4\">\u2022Bouger mieux, sans douleur<\/p><p class=\"p4\">\u2022Se fixer des objectifs concrets et atteignables<\/p><p class=\"p4\">\u2022B\u00e9n\u00e9ficier de conseils personnalis\u00e9s avant de s\u2019engager<\/p><p><strong>Tarif\u00a0 <\/strong><\/p><p>80\u20ac hors d\u00e9placement<\/p>\t\t\t\t\t\t<\/div>\n\t\t\t\t<\/div>\n\t\t\t\t\t<\/div>\n\t\t<\/div>\n\t\t\t\t\t\t\t<\/div>\n\t\t<\/section>\n\t\t\t\t<section class=\"elementor-section elementor-top-section elementor-element elementor-element-9c1b361 elementor-section-boxed elementor-section-height-default elementor-section-height-default\" data-id=\"9c1b361\" data-element_type=\"section\">\n\t\t\t\t\t\t<div class=\"elementor-container elementor-column-gap-default\">\n\t\t\t\t\t<div class=\"elementor-column elementor-col-100 elementor-top-column elementor-element elementor-element-1bd9812\" data-id=\"1bd9812\" data-element_type=\"column\">\n\t\t\t<div class=\"elementor-widget-wrap elementor-element-populated\">\n\t\t\t\t\t\t\t\t<div class=\"elementor-element elementor-element-70b231e elementor-align-center elementor-mobile-align-center elementor-widget elementor-widget-button\" data-id=\"70b231e\" data-element_type=\"widget\" data-widget_type=\"button.default\">\n\t\t\t\t<div class=\"elementor-widget-container\">\n\t\t\t\t\t<div class=\"elementor-button-wrapper\">\n\t\t\t<a class=\"elementor-button elementor-button-link elementor-size-lg\" href=\"https:\/\/calendly.com\/elisepostural\/studio\" target=\"_blank\">\n\t\t\t\t\t\t<span class=\"elementor-button-content-wrapper\">\n\t\t\t\t\t\t<span class=\"elementor-button-icon elementor-align-icon-right\">\n\t\t\t\t<i aria-hidden=\"true\" class=\"fas fa-angle-double-right\"><\/i>\t\t\t<\/span>\n\t\t\t\t\t\t<span class=\"elementor-button-text\">Prendre rdv <\/span>\n\t\t<\/span>\n\t\t\t\t\t<\/a>\n\t\t<\/div>\n\t\t\t\t<\/div>\n\t\t\t\t<\/div>\n\t\t\t\t\t<\/div>\n\t\t<\/div>\n\t\t\t\t\t\t\t<\/div>\n\t\t<\/section>\n\t\t\t\t<section class=\"elementor-section elementor-top-section elementor-element elementor-element-d460250 elementor-section-boxed elementor-section-height-default elementor-section-height-default\" data-id=\"d460250\" data-element_type=\"section\">\n\t\t\t\t\t\t<div class=\"elementor-container elementor-column-gap-default\">\n\t\t\t\t\t<div class=\"elementor-column elementor-col-100 elementor-top-column elementor-element elementor-element-e2ccdb9\" data-id=\"e2ccdb9\" data-element_type=\"column\">\n\t\t\t<div class=\"elementor-widget-wrap elementor-element-populated\">\n\t\t\t\t\t\t\t\t<div class=\"elementor-element elementor-element-32e27df elementor-widget elementor-widget-text-editor\" data-id=\"32e27df\" data-element_type=\"widget\" data-widget_type=\"text-editor.default\">\n\t\t\t\t<div class=\"elementor-widget-container\">\n\t\t\t\t\t\t\t<div>N&rsquo;h\u00e9site pas \u00e0 m&rsquo;\u00e9crire si vous souhaitez en discuter avant : <a href=\"mailto:elise.postural@gmail.com\">elise.postural@gmail.com<\/a><\/div>\t\t\t\t\t\t<\/div>\n\t\t\t\t<\/div>\n\t\t\t\t\t<\/div>\n\t\t<\/div>\n\t\t\t\t\t\t\t<\/div>\n\t\t<\/section>\n\t\t\t\t\t\t\t<\/div>\n\t\t","protected":false},"excerpt":{"rendered":"<p>cours priv\u00e9s La pratique sur-mesure Tu as un objectif pr\u00e9cis ? Une probl\u00e9matique \u00e0 r\u00e9soudre ? Ou simplement envie de te faire du bien ? Que tu d\u00e9butes ou que tu veuilles progresser, je te propose une s\u00e9ance enti\u00e8rement personnalis\u00e9e, pens\u00e9e rien que pour toi. Je t\u2019accueille sur rendez-vous au Cocon, au 49 bis rue [&hellip;]<\/p>\n","protected":false},"author":1,"featured_media":0,"parent":0,"menu_order":0,"comment_status":"closed","ping_status":"closed","template":"","meta":{"ocean_post_layout":"","ocean_both_sidebars_style":"","ocean_both_sidebars_content_width":0,"ocean_both_sidebars_sidebars_width":0,"ocean_sidebar":"0","ocean_second_sidebar":"0","ocean_disable_margins":"enable","ocean_add_body_class":"","ocean_shortcode_before_top_bar":"","ocean_shortcode_after_top_bar":"","ocean_shortcode_before_header":"","ocean_shortcode_after_header":"","ocean_has_shortcode":"","ocean_shortcode_after_title":"","ocean_shortcode_before_footer_widgets":"","ocean_shortcode_after_footer_widgets":"","ocean_shortcode_before_footer_bottom":"","ocean_shortcode_after_footer_bottom":"","ocean_display_top_bar":"default","ocean_display_header":"default","ocean_header_style":"","ocean_center_header_left_menu":"0","ocean_custom_header_template":"0","ocean_custom_logo":0,"ocean_custom_retina_logo":0,"ocean_custom_logo_max_width":0,"ocean_custom_logo_tablet_max_width":0,"ocean_custom_logo_mobile_max_width":0,"ocean_custom_logo_max_height":0,"ocean_custom_logo_tablet_max_height":0,"ocean_custom_logo_mobile_max_height":0,"ocean_header_custom_menu":"0","ocean_menu_typo_font_family":"0","ocean_menu_typo_font_subset":"","ocean_menu_typo_font_size":0,"ocean_menu_typo_font_size_tablet":0,"ocean_menu_typo_font_size_mobile":0,"ocean_menu_typo_font_size_unit":"px","ocean_menu_typo_font_weight":"","ocean_menu_typo_font_weight_tablet":"","ocean_menu_typo_font_weight_mobile":"","ocean_menu_typo_transform":"","ocean_menu_typo_transform_tablet":"","ocean_menu_typo_transform_mobile":"","ocean_menu_typo_line_height":0,"ocean_menu_typo_line_height_tablet":0,"ocean_menu_typo_line_height_mobile":0,"ocean_menu_typo_line_height_unit":"","ocean_menu_typo_spacing":0,"ocean_menu_typo_spacing_tablet":0,"ocean_menu_typo_spacing_mobile":0,"ocean_menu_typo_spacing_unit":"","ocean_menu_link_color":"","ocean_menu_link_color_hover":"","ocean_menu_link_color_active":"","ocean_menu_link_background":"","ocean_menu_link_hover_background":"","ocean_menu_link_active_background":"","ocean_menu_social_links_bg":"","ocean_menu_social_hover_links_bg":"","ocean_menu_social_links_color":"","ocean_menu_social_hover_links_color":"","ocean_disable_title":"default","ocean_disable_heading":"default","ocean_post_title":"","ocean_post_subheading":"","ocean_post_title_style":"","ocean_post_title_background_color":"","ocean_post_title_background":0,"ocean_post_title_bg_image_position":"","ocean_post_title_bg_image_attachment":"","ocean_post_title_bg_image_repeat":"","ocean_post_title_bg_image_size":"","ocean_post_title_height":0,"ocean_post_title_bg_overlay":0.5,"ocean_post_title_bg_overlay_color":"","ocean_disable_breadcrumbs":"default","ocean_breadcrumbs_color":"","ocean_breadcrumbs_separator_color":"","ocean_breadcrumbs_links_color":"","ocean_breadcrumbs_links_hover_color":"","ocean_display_footer_widgets":"default","ocean_display_footer_bottom":"default","ocean_custom_footer_template":"0","footnotes":""},"class_list":["post-2899","page","type-page","status-publish","hentry","entry"],"yoast_head":"<!-- This site is optimized with the Yoast SEO plugin v24.9 - https:\/\/yoast.com\/wordpress\/plugins\/seo\/ -->\n<title>Cours priv\u00e9s - Elise Postural, pr\u00e9vention sant\u00e9 par le mouvement<\/title>\n<meta name=\"description\" content=\"Coaching sportif : cours particuliers en individuel ou en petits groupes \u00e0 Meudon et aux alentours ou en visio\" \/>\n<meta name=\"robots\" content=\"index, follow, max-snippet:-1, max-image-preview:large, max-video-preview:-1\" \/>\n<link rel=\"canonical\" href=\"https:\/\/elisepostural.fr\/index.php\/coaching-prive\/\" \/>\n<meta property=\"og:locale\" content=\"fr_FR\" \/>\n<meta property=\"og:type\" content=\"article\" \/>\n<meta property=\"og:title\" content=\"Cours priv\u00e9s - Elise Postural, pr\u00e9vention sant\u00e9 par le mouvement\" \/>\n<meta property=\"og:description\" content=\"Coaching sportif : cours particuliers en individuel ou en petits groupes \u00e0 Meudon et aux alentours ou en visio\" \/>\n<meta property=\"og:url\" content=\"https:\/\/elisepostural.fr\/index.php\/coaching-prive\/\" \/>\n<meta property=\"og:site_name\" content=\"Elise Postural, pr\u00e9vention sant\u00e9 par le mouvement\" \/>\n<meta property=\"article:publisher\" content=\"https:\/\/www.facebook.com\/elisepostural\" \/>\n<meta property=\"article:modified_time\" content=\"2025-07-31T12:33:55+00:00\" \/>\n<meta name=\"twitter:card\" content=\"summary_large_image\" \/>\n<meta name=\"twitter:label1\" content=\"Dur\u00e9e de lecture estim\u00e9e\" \/>\n\t<meta name=\"twitter:data1\" content=\"3 minutes\" \/>\n<script type=\"application\/ld+json\" class=\"yoast-schema-graph\">{\"@context\":\"https:\/\/schema.org\",\"@graph\":[{\"@type\":\"WebPage\",\"@id\":\"https:\/\/elisepostural.fr\/index.php\/coaching-prive\/\",\"url\":\"https:\/\/elisepostural.fr\/index.php\/coaching-prive\/\",\"name\":\"Cours priv\u00e9s - Elise Postural, pr\u00e9vention sant\u00e9 par le mouvement\",\"isPartOf\":{\"@id\":\"https:\/\/elisepostural.fr\/#website\"},\"datePublished\":\"2022-09-22T13:31:52+00:00\",\"dateModified\":\"2025-07-31T12:33:55+00:00\",\"description\":\"Coaching sportif : cours particuliers en individuel ou en petits groupes \u00e0 Meudon et aux alentours ou en visio\",\"breadcrumb\":{\"@id\":\"https:\/\/elisepostural.fr\/index.php\/coaching-prive\/#breadcrumb\"},\"inLanguage\":\"fr-FR\",\"potentialAction\":[{\"@type\":\"ReadAction\",\"target\":[\"https:\/\/elisepostural.fr\/index.php\/coaching-prive\/\"]}]},{\"@type\":\"BreadcrumbList\",\"@id\":\"https:\/\/elisepostural.fr\/index.php\/coaching-prive\/#breadcrumb\",\"itemListElement\":[{\"@type\":\"ListItem\",\"position\":1,\"name\":\"Accueil\",\"item\":\"https:\/\/elisepostural.fr\/\"},{\"@type\":\"ListItem\",\"position\":2,\"name\":\"Cours priv\u00e9s\"}]},{\"@type\":\"WebSite\",\"@id\":\"https:\/\/elisepostural.fr\/#website\",\"url\":\"https:\/\/elisepostural.fr\/\",\"name\":\"Elise Postural, pr\u00e9vention sant\u00e9 par le mouvement\",\"description\":\"\",\"publisher\":{\"@id\":\"https:\/\/elisepostural.fr\/#organization\"},\"potentialAction\":[{\"@type\":\"SearchAction\",\"target\":{\"@type\":\"EntryPoint\",\"urlTemplate\":\"https:\/\/elisepostural.fr\/?s={search_term_string}\"},\"query-input\":{\"@type\":\"PropertyValueSpecification\",\"valueRequired\":true,\"valueName\":\"search_term_string\"}}],\"inLanguage\":\"fr-FR\"},{\"@type\":\"Organization\",\"@id\":\"https:\/\/elisepostural.fr\/#organization\",\"name\":\"Elise Postural\",\"url\":\"https:\/\/elisepostural.fr\/\",\"logo\":{\"@type\":\"ImageObject\",\"inLanguage\":\"fr-FR\",\"@id\":\"https:\/\/elisepostural.fr\/#\/schema\/logo\/image\/\",\"url\":\"https:\/\/elisepostural.fr\/wp-content\/uploads\/2021\/08\/logo-nobackground-500.png\",\"contentUrl\":\"https:\/\/elisepostural.fr\/wp-content\/uploads\/2021\/08\/logo-nobackground-500.png\",\"width\":500,\"height\":500,\"caption\":\"Elise Postural\"},\"image\":{\"@id\":\"https:\/\/elisepostural.fr\/#\/schema\/logo\/image\/\"},\"sameAs\":[\"https:\/\/www.facebook.com\/elisepostural\",\"https:\/\/www.instagram.com\/elisepostural\/\",\"https:\/\/www.linkedin.com\/in\/elise-nhouyvanisvong-62363772\/\",\"https:\/\/www.youtube.com\/channel\/UCQbx56dVgxXC7sZd01NJOyg\"]}]}<\/script>\n<!-- \/ Yoast SEO plugin. -->","yoast_head_json":{"title":"Cours priv\u00e9s - Elise Postural, pr\u00e9vention sant\u00e9 par le mouvement","description":"Coaching sportif : cours particuliers en individuel ou en petits groupes \u00e0 Meudon et aux alentours ou en visio","robots":{"index":"index","follow":"follow","max-snippet":"max-snippet:-1","max-image-preview":"max-image-preview:large","max-video-preview":"max-video-preview:-1"},"canonical":"https:\/\/elisepostural.fr\/index.php\/coaching-prive\/","og_locale":"fr_FR","og_type":"article","og_title":"Cours priv\u00e9s - Elise Postural, pr\u00e9vention sant\u00e9 par le mouvement","og_description":"Coaching sportif : cours particuliers en individuel ou en petits groupes \u00e0 Meudon et aux alentours ou en visio","og_url":"https:\/\/elisepostural.fr\/index.php\/coaching-prive\/","og_site_name":"Elise Postural, pr\u00e9vention sant\u00e9 par le mouvement","article_publisher":"https:\/\/www.facebook.com\/elisepostural","article_modified_time":"2025-07-31T12:33:55+00:00","twitter_card":"summary_large_image","twitter_misc":{"Dur\u00e9e de lecture estim\u00e9e":"3 minutes"},"schema":{"@context":"https:\/\/schema.org","@graph":[{"@type":"WebPage","@id":"https:\/\/elisepostural.fr\/index.php\/coaching-prive\/","url":"https:\/\/elisepostural.fr\/index.php\/coaching-prive\/","name":"Cours priv\u00e9s - Elise Postural, pr\u00e9vention sant\u00e9 par le mouvement","isPartOf":{"@id":"https:\/\/elisepostural.fr\/#website"},"datePublished":"2022-09-22T13:31:52+00:00","dateModified":"2025-07-31T12:33:55+00:00","description":"Coaching sportif : cours particuliers en individuel ou en petits groupes \u00e0 Meudon et aux alentours ou en visio","breadcrumb":{"@id":"https:\/\/elisepostural.fr\/index.php\/coaching-prive\/#breadcrumb"},"inLanguage":"fr-FR","potentialAction":[{"@type":"ReadAction","target":["https:\/\/elisepostural.fr\/index.php\/coaching-prive\/"]}]},{"@type":"BreadcrumbList","@id":"https:\/\/elisepostural.fr\/index.php\/coaching-prive\/#breadcrumb","itemListElement":[{"@type":"ListItem","position":1,"name":"Accueil","item":"https:\/\/elisepostural.fr\/"},{"@type":"ListItem","position":2,"name":"Cours priv\u00e9s"}]},{"@type":"WebSite","@id":"https:\/\/elisepostural.fr\/#website","url":"https:\/\/elisepostural.fr\/","name":"Elise Postural, pr\u00e9vention sant\u00e9 par le mouvement","description":"","publisher":{"@id":"https:\/\/elisepostural.fr\/#organization"},"potentialAction":[{"@type":"SearchAction","target":{"@type":"EntryPoint","urlTemplate":"https:\/\/elisepostural.fr\/?s={search_term_string}"},"query-input":{"@type":"PropertyValueSpecification","valueRequired":true,"valueName":"search_term_string"}}],"inLanguage":"fr-FR"},{"@type":"Organization","@id":"https:\/\/elisepostural.fr\/#organization","name":"Elise Postural","url":"https:\/\/elisepostural.fr\/","logo":{"@type":"ImageObject","inLanguage":"fr-FR","@id":"https:\/\/elisepostural.fr\/#\/schema\/logo\/image\/","url":"https:\/\/elisepostural.fr\/wp-content\/uploads\/2021\/08\/logo-nobackground-500.png","contentUrl":"https:\/\/elisepostural.fr\/wp-content\/uploads\/2021\/08\/logo-nobackground-500.png","width":500,"height":500,"caption":"Elise Postural"},"image":{"@id":"https:\/\/elisepostural.fr\/#\/schema\/logo\/image\/"},"sameAs":["https:\/\/www.facebook.com\/elisepostural","https:\/\/www.instagram.com\/elisepostural\/","https:\/\/www.linkedin.com\/in\/elise-nhouyvanisvong-62363772\/","https:\/\/www.youtube.com\/channel\/UCQbx56dVgxXC7sZd01NJOyg"]}]}},"jetpack_sharing_enabled":true,"_links":{"self":[{"href":"https:\/\/elisepostural.fr\/index.php\/wp-json\/wp\/v2\/pages\/2899","targetHints":{"allow":["GET"]}}],"collection":[{"href":"https:\/\/elisepostural.fr\/index.php\/wp-json\/wp\/v2\/pages"}],"about":[{"href":"https:\/\/elisepostural.fr\/index.php\/wp-json\/wp\/v2\/types\/page"}],"author":[{"embeddable":true,"href":"https:\/\/elisepostural.fr\/index.php\/wp-json\/wp\/v2\/users\/1"}],"replies":[{"embeddable":true,"href":"https:\/\/elisepostural.fr\/index.php\/wp-json\/wp\/v2\/comments?post=2899"}],"version-history":[{"count":120,"href":"https:\/\/elisepostural.fr\/index.php\/wp-json\/wp\/v2\/pages\/2899\/revisions"}],"predecessor-version":[{"id":5395,"href":"https:\/\/elisepostural.fr\/index.php\/wp-json\/wp\/v2\/pages\/2899\/revisions\/5395"}],"wp:attachment":[{"href":"https:\/\/elisepostural.fr\/index.php\/wp-json\/wp\/v2\/media?parent=2899"}],"curies":[{"name":"wp","href":"https:\/\/api.w.org\/{rel}","templated":true}]}}