{"id":523,"date":"2021-07-28T15:03:38","date_gmt":"2021-07-28T13:03:38","guid":{"rendered":"http:\/\/elisepostural.fr\/?page_id=523"},"modified":"2025-07-24T17:32:36","modified_gmt":"2025-07-24T15:32:36","slug":"c-g-v","status":"publish","type":"page","link":"https:\/\/elisepostural.fr\/index.php\/c-g-v\/","title":{"rendered":"C.G.V."},"content":{"rendered":"\t\t<div data-elementor-type=\"wp-page\" data-elementor-id=\"523\" class=\"elementor elementor-523\">\n\t\t\t\t\t\t\t\t\t<section class=\"elementor-section elementor-top-section elementor-element elementor-element-3a7ff46e elementor-section-full_width elementor-section-stretched elementor-section-height-default elementor-section-height-default\" data-id=\"3a7ff46e\" data-element_type=\"section\" data-settings=\"{&quot;stretch_section&quot;:&quot;section-stretched&quot;}\">\n\t\t\t\t\t\t<div class=\"elementor-container elementor-column-gap-default\">\n\t\t\t\t\t<div class=\"elementor-column elementor-col-100 elementor-top-column elementor-element elementor-element-333540b3\" data-id=\"333540b3\" data-element_type=\"column\">\n\t\t\t<div class=\"elementor-widget-wrap elementor-element-populated\">\n\t\t\t\t\t\t\t\t<div class=\"elementor-element elementor-element-3e734d82 elementor-widget elementor-widget-heading\" data-id=\"3e734d82\" data-element_type=\"widget\" data-widget_type=\"heading.default\">\n\t\t\t\t<div class=\"elementor-widget-container\">\n\t\t\t<h2 class=\"elementor-heading-title elementor-size-default\">Conditions g\u00e9n\u00e9rales<\/h2>\t\t<\/div>\n\t\t\t\t<\/div>\n\t\t\t\t\t<\/div>\n\t\t<\/div>\n\t\t\t\t\t\t\t<\/div>\n\t\t<\/section>\n\t\t\t\t<section class=\"elementor-section elementor-top-section elementor-element elementor-element-18ffbe94 elementor-section-full_width elementor-section-stretched elementor-section-height-default elementor-section-height-default\" data-id=\"18ffbe94\" data-element_type=\"section\" data-settings=\"{&quot;stretch_section&quot;:&quot;section-stretched&quot;}\">\n\t\t\t\t\t\t<div class=\"elementor-container elementor-column-gap-default\">\n\t\t\t\t\t<div class=\"elementor-column elementor-col-100 elementor-top-column elementor-element elementor-element-24f83ef\" data-id=\"24f83ef\" data-element_type=\"column\">\n\t\t\t<div class=\"elementor-widget-wrap elementor-element-populated\">\n\t\t\t\t\t\t\t\t<div class=\"elementor-element elementor-element-d81cb03 elementor-widget__width-inherit elementor-widget elementor-widget-text-editor\" data-id=\"d81cb03\" data-element_type=\"widget\" data-widget_type=\"text-editor.default\">\n\t\t\t\t<div class=\"elementor-widget-container\">\n\t\t\t\t\t\t\t<p>Elise Nhouyvanisvong est \u00e9ducatrice sportive dipl\u00f4m\u00e9e d\u2019\u00c9tat et entrepreneur individuel.<\/p>\n<p>Carte professionnelle<span class=\"s1\"> : n\u00b007517ED0122<\/span><\/p>\n<p>Elle propose diff\u00e9rentes activit\u00e9s :<\/p>\n<ul>\n<li>des cours et programmes en ligne,<\/li>\n<li>des cours individuels,<\/li>\n<li>des cours et ateliers collectifs par l\u2019interm\u00e9diaire de l\u2019association Postural Sport-Sant\u00e9, dont elle est prestataire.<\/li>\n<\/ul>\n<p>Les prestations propos\u00e9es sont d\u00e9crites sur le site <a href=\"http:\/\/www.elisepostural.fr\">www.elisepostural.fr<\/a>.<\/p>\n<p><b>Vente des prestations :<\/b><\/p>\n<ul>\n<li><b>Cours individuels<\/b><span class=\"s1\"> :<\/span>Les ventes de prestations de cours individuels s\u2019effectuent directement aupr\u00e8s d\u2019Elise Nhouyvanisvong. Les conditions g\u00e9n\u00e9rales de vente sont adress\u00e9es au client avant le premier rendez-vous.<\/li>\n<li><b>Cours et programmes en ligne<\/b><span class=\"s1\"> :<\/span>Les ventes sont r\u00e9alis\u00e9es via la plateforme Podia : <a href=\"https:\/\/elisepostural.podia.com\/\">https:\/\/elisepostural.podia.com\/<\/a>.Les conditions g\u00e9n\u00e9rales de vente applicables sont celles disponibles sur la plateforme au moment de l\u2019achat.<\/li>\n<li><b>Cours collectifs<\/b><span class=\"s1\"> :<\/span>Les ventes sont r\u00e9alis\u00e9es par l\u2019association Postural Sport-Sant\u00e9 via la plateforme HelloAsso :<a href=\"https:\/\/www.helloasso.com\/associations\/postural-sport-sante\/adhesions\/inscription-2025\">https:\/\/www.helloasso.com\/associations\/postural-sport-sante\/adhesions\/inscription-2025<\/a>&nbsp;. Les conditions g\u00e9n\u00e9rales de vente applicables sont celles disponibles sur la plateforme au moment de l\u2019achat.<\/li>\n<\/ul>\t\t\t\t\t\t<\/div>\n\t\t\t\t<\/div>\n\t\t\t\t\t<\/div>\n\t\t<\/div>\n\t\t\t\t\t\t\t<\/div>\n\t\t<\/section>\n\t\t\t\t\t\t\t<\/div>\n\t\t","protected":false},"excerpt":{"rendered":"<p>Conditions g\u00e9n\u00e9rales Elise Nhouyvanisvong est \u00e9ducatrice sportive dipl\u00f4m\u00e9e d\u2019\u00c9tat et entrepreneur individuel. Carte professionnelle : n\u00b007517ED0122 Elle propose diff\u00e9rentes activit\u00e9s : des cours et programmes en ligne, des cours individuels, des cours et ateliers collectifs par l\u2019interm\u00e9diaire de l\u2019association Postural Sport-Sant\u00e9, dont elle est prestataire. Les prestations propos\u00e9es sont d\u00e9crites sur le site www.elisepostural.fr. Vente [&hellip;]<\/p>\n","protected":false},"author":1,"featured_media":0,"parent":0,"menu_order":0,"comment_status":"closed","ping_status":"closed","template":"","meta":{"ocean_post_layout":"","ocean_both_sidebars_style":"","ocean_both_sidebars_content_width":0,"ocean_both_sidebars_sidebars_width":0,"ocean_sidebar":"0","ocean_second_sidebar":"0","ocean_disable_margins":"enable","ocean_add_body_class":"","ocean_shortcode_before_top_bar":"","ocean_shortcode_after_top_bar":"","ocean_shortcode_before_header":"","ocean_shortcode_after_header":"","ocean_has_shortcode":"","ocean_shortcode_after_title":"","ocean_shortcode_before_footer_widgets":"","ocean_shortcode_after_footer_widgets":"","ocean_shortcode_before_footer_bottom":"","ocean_shortcode_after_footer_bottom":"","ocean_display_top_bar":"default","ocean_display_header":"default","ocean_header_style":"","ocean_center_header_left_menu":"0","ocean_custom_header_template":"0","ocean_custom_logo":0,"ocean_custom_retina_logo":0,"ocean_custom_logo_max_width":0,"ocean_custom_logo_tablet_max_width":0,"ocean_custom_logo_mobile_max_width":0,"ocean_custom_logo_max_height":0,"ocean_custom_logo_tablet_max_height":0,"ocean_custom_logo_mobile_max_height":0,"ocean_header_custom_menu":"0","ocean_menu_typo_font_family":"0","ocean_menu_typo_font_subset":"","ocean_menu_typo_font_size":0,"ocean_menu_typo_font_size_tablet":0,"ocean_menu_typo_font_size_mobile":0,"ocean_menu_typo_font_size_unit":"px","ocean_menu_typo_font_weight":"","ocean_menu_typo_font_weight_tablet":"","ocean_menu_typo_font_weight_mobile":"","ocean_menu_typo_transform":"","ocean_menu_typo_transform_tablet":"","ocean_menu_typo_transform_mobile":"","ocean_menu_typo_line_height":0,"ocean_menu_typo_line_height_tablet":0,"ocean_menu_typo_line_height_mobile":0,"ocean_menu_typo_line_height_unit":"","ocean_menu_typo_spacing":0,"ocean_menu_typo_spacing_tablet":0,"ocean_menu_typo_spacing_mobile":0,"ocean_menu_typo_spacing_unit":"","ocean_menu_link_color":"","ocean_menu_link_color_hover":"","ocean_menu_link_color_active":"","ocean_menu_link_background":"","ocean_menu_link_hover_background":"","ocean_menu_link_active_background":"","ocean_menu_social_links_bg":"","ocean_menu_social_hover_links_bg":"","ocean_menu_social_links_color":"","ocean_menu_social_hover_links_color":"","ocean_disable_title":"default","ocean_disable_heading":"default","ocean_post_title":"","ocean_post_subheading":"","ocean_post_title_style":"","ocean_post_title_background_color":"","ocean_post_title_background":0,"ocean_post_title_bg_image_position":"","ocean_post_title_bg_image_attachment":"","ocean_post_title_bg_image_repeat":"","ocean_post_title_bg_image_size":"","ocean_post_title_height":0,"ocean_post_title_bg_overlay":0.5,"ocean_post_title_bg_overlay_color":"","ocean_disable_breadcrumbs":"default","ocean_breadcrumbs_color":"","ocean_breadcrumbs_separator_color":"","ocean_breadcrumbs_links_color":"","ocean_breadcrumbs_links_hover_color":"","ocean_display_footer_widgets":"default","ocean_display_footer_bottom":"default","ocean_custom_footer_template":"0","footnotes":""},"class_list":["post-523","page","type-page","status-publish","hentry","entry"],"yoast_head":"<!-- This site is optimized with the Yoast SEO plugin v24.9 - https:\/\/yoast.com\/wordpress\/plugins\/seo\/ -->\n<title>C.G.V. - Elise Postural, pr\u00e9vention sant\u00e9 par le mouvement<\/title>\n<meta name=\"robots\" content=\"index, follow, max-snippet:-1, max-image-preview:large, max-video-preview:-1\" \/>\n<link rel=\"canonical\" href=\"https:\/\/elisepostural.fr\/index.php\/c-g-v\/\" \/>\n<meta property=\"og:locale\" content=\"fr_FR\" \/>\n<meta property=\"og:type\" content=\"article\" \/>\n<meta property=\"og:title\" content=\"C.G.V. - Elise Postural, pr\u00e9vention sant\u00e9 par le mouvement\" \/>\n<meta property=\"og:description\" content=\"Conditions g\u00e9n\u00e9rales Elise Nhouyvanisvong est \u00e9ducatrice sportive dipl\u00f4m\u00e9e d\u2019\u00c9tat et entrepreneur individuel. Carte professionnelle : n\u00b007517ED0122 Elle propose diff\u00e9rentes activit\u00e9s : des cours et programmes en ligne, des cours individuels, des cours et ateliers collectifs par l\u2019interm\u00e9diaire de l\u2019association Postural Sport-Sant\u00e9, dont elle est prestataire. Les prestations propos\u00e9es sont d\u00e9crites sur le site www.elisepostural.fr. Vente [&hellip;]\" \/>\n<meta property=\"og:url\" content=\"https:\/\/elisepostural.fr\/index.php\/c-g-v\/\" \/>\n<meta property=\"og:site_name\" content=\"Elise Postural, pr\u00e9vention sant\u00e9 par le mouvement\" \/>\n<meta property=\"article:publisher\" content=\"https:\/\/www.facebook.com\/elisepostural\" \/>\n<meta property=\"article:modified_time\" content=\"2025-07-24T15:32:36+00:00\" \/>\n<meta name=\"twitter:card\" content=\"summary_large_image\" \/>\n<meta name=\"twitter:label1\" content=\"Dur\u00e9e de lecture estim\u00e9e\" \/>\n\t<meta name=\"twitter:data1\" content=\"1 minute\" \/>\n<script type=\"application\/ld+json\" class=\"yoast-schema-graph\">{\"@context\":\"https:\/\/schema.org\",\"@graph\":[{\"@type\":\"WebPage\",\"@id\":\"https:\/\/elisepostural.fr\/index.php\/c-g-v\/\",\"url\":\"https:\/\/elisepostural.fr\/index.php\/c-g-v\/\",\"name\":\"C.G.V. - Elise Postural, pr\u00e9vention sant\u00e9 par le mouvement\",\"isPartOf\":{\"@id\":\"https:\/\/elisepostural.fr\/#website\"},\"datePublished\":\"2021-07-28T13:03:38+00:00\",\"dateModified\":\"2025-07-24T15:32:36+00:00\",\"breadcrumb\":{\"@id\":\"https:\/\/elisepostural.fr\/index.php\/c-g-v\/#breadcrumb\"},\"inLanguage\":\"fr-FR\",\"potentialAction\":[{\"@type\":\"ReadAction\",\"target\":[\"https:\/\/elisepostural.fr\/index.php\/c-g-v\/\"]}]},{\"@type\":\"BreadcrumbList\",\"@id\":\"https:\/\/elisepostural.fr\/index.php\/c-g-v\/#breadcrumb\",\"itemListElement\":[{\"@type\":\"ListItem\",\"position\":1,\"name\":\"Accueil\",\"item\":\"https:\/\/elisepostural.fr\/\"},{\"@type\":\"ListItem\",\"position\":2,\"name\":\"C.G.V.\"}]},{\"@type\":\"WebSite\",\"@id\":\"https:\/\/elisepostural.fr\/#website\",\"url\":\"https:\/\/elisepostural.fr\/\",\"name\":\"Elise Postural, pr\u00e9vention sant\u00e9 par le mouvement\",\"description\":\"\",\"publisher\":{\"@id\":\"https:\/\/elisepostural.fr\/#organization\"},\"potentialAction\":[{\"@type\":\"SearchAction\",\"target\":{\"@type\":\"EntryPoint\",\"urlTemplate\":\"https:\/\/elisepostural.fr\/?s={search_term_string}\"},\"query-input\":{\"@type\":\"PropertyValueSpecification\",\"valueRequired\":true,\"valueName\":\"search_term_string\"}}],\"inLanguage\":\"fr-FR\"},{\"@type\":\"Organization\",\"@id\":\"https:\/\/elisepostural.fr\/#organization\",\"name\":\"Elise Postural\",\"url\":\"https:\/\/elisepostural.fr\/\",\"logo\":{\"@type\":\"ImageObject\",\"inLanguage\":\"fr-FR\",\"@id\":\"https:\/\/elisepostural.fr\/#\/schema\/logo\/image\/\",\"url\":\"https:\/\/elisepostural.fr\/wp-content\/uploads\/2021\/08\/logo-nobackground-500.png\",\"contentUrl\":\"https:\/\/elisepostural.fr\/wp-content\/uploads\/2021\/08\/logo-nobackground-500.png\",\"width\":500,\"height\":500,\"caption\":\"Elise Postural\"},\"image\":{\"@id\":\"https:\/\/elisepostural.fr\/#\/schema\/logo\/image\/\"},\"sameAs\":[\"https:\/\/www.facebook.com\/elisepostural\",\"https:\/\/www.instagram.com\/elisepostural\/\",\"https:\/\/www.linkedin.com\/in\/elise-nhouyvanisvong-62363772\/\",\"https:\/\/www.youtube.com\/channel\/UCQbx56dVgxXC7sZd01NJOyg\"]}]}<\/script>\n<!-- \/ Yoast SEO plugin. -->","yoast_head_json":{"title":"C.G.V. - Elise Postural, pr\u00e9vention sant\u00e9 par le mouvement","robots":{"index":"index","follow":"follow","max-snippet":"max-snippet:-1","max-image-preview":"max-image-preview:large","max-video-preview":"max-video-preview:-1"},"canonical":"https:\/\/elisepostural.fr\/index.php\/c-g-v\/","og_locale":"fr_FR","og_type":"article","og_title":"C.G.V. - Elise Postural, pr\u00e9vention sant\u00e9 par le mouvement","og_description":"Conditions g\u00e9n\u00e9rales Elise Nhouyvanisvong est \u00e9ducatrice sportive dipl\u00f4m\u00e9e d\u2019\u00c9tat et entrepreneur individuel. Carte professionnelle : n\u00b007517ED0122 Elle propose diff\u00e9rentes activit\u00e9s : des cours et programmes en ligne, des cours individuels, des cours et ateliers collectifs par l\u2019interm\u00e9diaire de l\u2019association Postural Sport-Sant\u00e9, dont elle est prestataire. Les prestations propos\u00e9es sont d\u00e9crites sur le site www.elisepostural.fr. Vente [&hellip;]","og_url":"https:\/\/elisepostural.fr\/index.php\/c-g-v\/","og_site_name":"Elise Postural, pr\u00e9vention sant\u00e9 par le mouvement","article_publisher":"https:\/\/www.facebook.com\/elisepostural","article_modified_time":"2025-07-24T15:32:36+00:00","twitter_card":"summary_large_image","twitter_misc":{"Dur\u00e9e de lecture estim\u00e9e":"1 minute"},"schema":{"@context":"https:\/\/schema.org","@graph":[{"@type":"WebPage","@id":"https:\/\/elisepostural.fr\/index.php\/c-g-v\/","url":"https:\/\/elisepostural.fr\/index.php\/c-g-v\/","name":"C.G.V. - Elise Postural, pr\u00e9vention sant\u00e9 par le mouvement","isPartOf":{"@id":"https:\/\/elisepostural.fr\/#website"},"datePublished":"2021-07-28T13:03:38+00:00","dateModified":"2025-07-24T15:32:36+00:00","breadcrumb":{"@id":"https:\/\/elisepostural.fr\/index.php\/c-g-v\/#breadcrumb"},"inLanguage":"fr-FR","potentialAction":[{"@type":"ReadAction","target":["https:\/\/elisepostural.fr\/index.php\/c-g-v\/"]}]},{"@type":"BreadcrumbList","@id":"https:\/\/elisepostural.fr\/index.php\/c-g-v\/#breadcrumb","itemListElement":[{"@type":"ListItem","position":1,"name":"Accueil","item":"https:\/\/elisepostural.fr\/"},{"@type":"ListItem","position":2,"name":"C.G.V."}]},{"@type":"WebSite","@id":"https:\/\/elisepostural.fr\/#website","url":"https:\/\/elisepostural.fr\/","name":"Elise Postural, pr\u00e9vention sant\u00e9 par le mouvement","description":"","publisher":{"@id":"https:\/\/elisepostural.fr\/#organization"},"potentialAction":[{"@type":"SearchAction","target":{"@type":"EntryPoint","urlTemplate":"https:\/\/elisepostural.fr\/?s={search_term_string}"},"query-input":{"@type":"PropertyValueSpecification","valueRequired":true,"valueName":"search_term_string"}}],"inLanguage":"fr-FR"},{"@type":"Organization","@id":"https:\/\/elisepostural.fr\/#organization","name":"Elise Postural","url":"https:\/\/elisepostural.fr\/","logo":{"@type":"ImageObject","inLanguage":"fr-FR","@id":"https:\/\/elisepostural.fr\/#\/schema\/logo\/image\/","url":"https:\/\/elisepostural.fr\/wp-content\/uploads\/2021\/08\/logo-nobackground-500.png","contentUrl":"https:\/\/elisepostural.fr\/wp-content\/uploads\/2021\/08\/logo-nobackground-500.png","width":500,"height":500,"caption":"Elise Postural"},"image":{"@id":"https:\/\/elisepostural.fr\/#\/schema\/logo\/image\/"},"sameAs":["https:\/\/www.facebook.com\/elisepostural","https:\/\/www.instagram.com\/elisepostural\/","https:\/\/www.linkedin.com\/in\/elise-nhouyvanisvong-62363772\/","https:\/\/www.youtube.com\/channel\/UCQbx56dVgxXC7sZd01NJOyg"]}]}},"jetpack_sharing_enabled":true,"_links":{"self":[{"href":"https:\/\/elisepostural.fr\/index.php\/wp-json\/wp\/v2\/pages\/523","targetHints":{"allow":["GET"]}}],"collection":[{"href":"https:\/\/elisepostural.fr\/index.php\/wp-json\/wp\/v2\/pages"}],"about":[{"href":"https:\/\/elisepostural.fr\/index.php\/wp-json\/wp\/v2\/types\/page"}],"author":[{"embeddable":true,"href":"https:\/\/elisepostural.fr\/index.php\/wp-json\/wp\/v2\/users\/1"}],"replies":[{"embeddable":true,"href":"https:\/\/elisepostural.fr\/index.php\/wp-json\/wp\/v2\/comments?post=523"}],"version-history":[{"count":23,"href":"https:\/\/elisepostural.fr\/index.php\/wp-json\/wp\/v2\/pages\/523\/revisions"}],"predecessor-version":[{"id":5392,"href":"https:\/\/elisepostural.fr\/index.php\/wp-json\/wp\/v2\/pages\/523\/revisions\/5392"}],"wp:attachment":[{"href":"https:\/\/elisepostural.fr\/index.php\/wp-json\/wp\/v2\/media?parent=523"}],"curies":[{"name":"wp","href":"https:\/\/api.w.org\/{rel}","templated":true}]}}