{"id":715,"date":"2021-09-22T13:32:05","date_gmt":"2021-09-22T11:32:05","guid":{"rendered":"https:\/\/elisepostural.fr\/?page_id=715"},"modified":"2023-01-18T11:47:09","modified_gmt":"2023-01-18T10:47:09","slug":"stages-ateliers","status":"publish","type":"page","link":"https:\/\/elisepostural.fr\/index.php\/stages-ateliers\/","title":{"rendered":"Ateliers b\u00e9b\u00e9s"},"content":{"rendered":"\t\t<div data-elementor-type=\"wp-page\" data-elementor-id=\"715\" class=\"elementor elementor-715\">\n\t\t\t\t\t\t\t\t\t<section class=\"elementor-section elementor-top-section elementor-element elementor-element-2a82af08 elementor-section-full_width elementor-section-stretched elementor-section-height-default elementor-section-height-default\" data-id=\"2a82af08\" data-element_type=\"section\" data-settings=\"{&quot;stretch_section&quot;:&quot;section-stretched&quot;,&quot;background_background&quot;:&quot;classic&quot;}\">\n\t\t\t\t\t\t<div class=\"elementor-container elementor-column-gap-default\">\n\t\t\t\t\t<div class=\"elementor-column elementor-col-100 elementor-top-column elementor-element elementor-element-5b519d20\" data-id=\"5b519d20\" data-element_type=\"column\">\n\t\t\t<div class=\"elementor-widget-wrap elementor-element-populated\">\n\t\t\t\t\t\t\t\t<div class=\"elementor-element elementor-element-2cce9869 elementor-widget elementor-widget-heading\" data-id=\"2cce9869\" data-element_type=\"widget\" data-widget_type=\"heading.default\">\n\t\t\t\t<div class=\"elementor-widget-container\">\n\t\t\t<h1 class=\"elementor-heading-title elementor-size-default\">les ateliers b\u00e9b\u00e9s<\/h1>\t\t<\/div>\n\t\t\t\t<\/div>\n\t\t\t\t<div class=\"elementor-element elementor-element-45116403 elementor-widget elementor-widget-heading\" data-id=\"45116403\" data-element_type=\"widget\" data-widget_type=\"heading.default\">\n\t\t\t\t<div class=\"elementor-widget-container\">\n\t\t\t<h2 class=\"elementor-heading-title elementor-size-default\">Cr\u00e9ez du lien avec votre enfant<\/h2>\t\t<\/div>\n\t\t\t\t<\/div>\n\t\t\t\t\t<\/div>\n\t\t<\/div>\n\t\t\t\t\t\t\t<\/div>\n\t\t<\/section>\n\t\t\t\t<section class=\"elementor-section elementor-top-section elementor-element elementor-element-230c125 elementor-section-boxed elementor-section-height-default elementor-section-height-default\" data-id=\"230c125\" data-element_type=\"section\">\n\t\t\t\t\t\t<div class=\"elementor-container elementor-column-gap-default\">\n\t\t\t\t\t<div class=\"elementor-column elementor-col-50 elementor-top-column elementor-element elementor-element-31fc2e2d\" data-id=\"31fc2e2d\" data-element_type=\"column\">\n\t\t\t<div class=\"elementor-widget-wrap elementor-element-populated\">\n\t\t\t\t\t\t\t\t<div class=\"elementor-element elementor-element-23c353b8 elementor-widget elementor-widget-image\" data-id=\"23c353b8\" data-element_type=\"widget\" data-widget_type=\"image.default\">\n\t\t\t\t<div class=\"elementor-widget-container\">\n\t\t\t\t\t\t\t\t\t\t\t\t\t\t\t\t<a href=\"https:\/\/elisepostural.fr\/index.php\/yoga-bebe\/\">\n\t\t\t\t\t\t\t<img loading=\"lazy\" decoding=\"async\" width=\"1024\" height=\"576\" src=\"https:\/\/elisepostural.fr\/wp-content\/uploads\/2022\/09\/Vignette-yoga-maman-bebe-1280-\u00d7-720-px-1024x576.png\" class=\"attachment-large size-large wp-image-2239\" alt=\"yoga maman b\u00e9b\u00e9\" srcset=\"https:\/\/elisepostural.fr\/wp-content\/uploads\/2022\/09\/Vignette-yoga-maman-bebe-1280-\u00d7-720-px-1024x576.png 1024w, https:\/\/elisepostural.fr\/wp-content\/uploads\/2022\/09\/Vignette-yoga-maman-bebe-1280-\u00d7-720-px-300x169.png 300w, https:\/\/elisepostural.fr\/wp-content\/uploads\/2022\/09\/Vignette-yoga-maman-bebe-1280-\u00d7-720-px-768x432.png 768w, https:\/\/elisepostural.fr\/wp-content\/uploads\/2022\/09\/Vignette-yoga-maman-bebe-1280-\u00d7-720-px.png 1280w\" sizes=\"auto, (max-width: 1024px) 100vw, 1024px\" \/>\t\t\t\t\t\t\t\t<\/a>\n\t\t\t\t\t\t\t\t\t\t\t\t\t\t\t<\/div>\n\t\t\t\t<\/div>\n\t\t\t\t<div class=\"elementor-element elementor-element-4556ed05 elementor-widget elementor-widget-heading\" data-id=\"4556ed05\" data-element_type=\"widget\" data-widget_type=\"heading.default\">\n\t\t\t\t<div class=\"elementor-widget-container\">\n\t\t\t<h4 class=\"elementor-heading-title elementor-size-default\"><a href=\"https:\/\/elisepostural.fr\/index.php\/yoga-bebe\/\">Yoga maman\/b\u00e9b\u00e9<\/a><\/h4>\t\t<\/div>\n\t\t\t\t<\/div>\n\t\t\t\t\t<\/div>\n\t\t<\/div>\n\t\t\t\t<div class=\"elementor-column elementor-col-50 elementor-top-column elementor-element elementor-element-74a41b08\" data-id=\"74a41b08\" data-element_type=\"column\">\n\t\t\t<div class=\"elementor-widget-wrap elementor-element-populated\">\n\t\t\t\t\t\t\t\t<div class=\"elementor-element elementor-element-4bdf2fcd elementor-widget elementor-widget-image\" data-id=\"4bdf2fcd\" data-element_type=\"widget\" data-widget_type=\"image.default\">\n\t\t\t\t<div class=\"elementor-widget-container\">\n\t\t\t\t\t\t\t\t\t\t\t\t\t\t\t\t<a href=\"https:\/\/elisepostural.fr\/index.php\/bebe-signe\/\">\n\t\t\t\t\t\t\t<img loading=\"lazy\" decoding=\"async\" width=\"1024\" height=\"576\" src=\"https:\/\/elisepostural.fr\/wp-content\/uploads\/2022\/09\/Vignette-bebe-signe-1280-\u00d7-720-px-1024x576.png\" class=\"attachment-large size-large wp-image-2238\" alt=\"langue des signes b\u00e9b\u00e9s\" srcset=\"https:\/\/elisepostural.fr\/wp-content\/uploads\/2022\/09\/Vignette-bebe-signe-1280-\u00d7-720-px-1024x576.png 1024w, https:\/\/elisepostural.fr\/wp-content\/uploads\/2022\/09\/Vignette-bebe-signe-1280-\u00d7-720-px-300x169.png 300w, https:\/\/elisepostural.fr\/wp-content\/uploads\/2022\/09\/Vignette-bebe-signe-1280-\u00d7-720-px-768x432.png 768w, https:\/\/elisepostural.fr\/wp-content\/uploads\/2022\/09\/Vignette-bebe-signe-1280-\u00d7-720-px.png 1280w\" sizes=\"auto, (max-width: 1024px) 100vw, 1024px\" \/>\t\t\t\t\t\t\t\t<\/a>\n\t\t\t\t\t\t\t\t\t\t\t\t\t\t\t<\/div>\n\t\t\t\t<\/div>\n\t\t\t\t<div class=\"elementor-element elementor-element-564f8f4 elementor-widget elementor-widget-heading\" data-id=\"564f8f4\" data-element_type=\"widget\" data-widget_type=\"heading.default\">\n\t\t\t\t<div class=\"elementor-widget-container\">\n\t\t\t<h4 class=\"elementor-heading-title elementor-size-default\"><a href=\"https:\/\/elisepostural.fr\/index.php\/bebe-signe\/\">Signer avec b\u00e9b\u00e9<\/a><\/h4>\t\t<\/div>\n\t\t\t\t<\/div>\n\t\t\t\t\t<\/div>\n\t\t<\/div>\n\t\t\t\t\t\t\t<\/div>\n\t\t<\/section>\n\t\t\t\t\t\t\t<\/div>\n\t\t","protected":false},"excerpt":{"rendered":"<p>les ateliers b\u00e9b\u00e9s Cr\u00e9ez du lien avec votre enfant Yoga maman\/b\u00e9b\u00e9 Signer avec b\u00e9b\u00e9<\/p>\n","protected":false},"author":1,"featured_media":0,"parent":0,"menu_order":0,"comment_status":"closed","ping_status":"closed","template":"","meta":{"ocean_post_layout":"","ocean_both_sidebars_style":"","ocean_both_sidebars_content_width":0,"ocean_both_sidebars_sidebars_width":0,"ocean_sidebar":"0","ocean_second_sidebar":"0","ocean_disable_margins":"enable","ocean_add_body_class":"","ocean_shortcode_before_top_bar":"","ocean_shortcode_after_top_bar":"","ocean_shortcode_before_header":"","ocean_shortcode_after_header":"","ocean_has_shortcode":"","ocean_shortcode_after_title":"","ocean_shortcode_before_footer_widgets":"","ocean_shortcode_after_footer_widgets":"","ocean_shortcode_before_footer_bottom":"","ocean_shortcode_after_footer_bottom":"","ocean_display_top_bar":"default","ocean_display_header":"default","ocean_header_style":"","ocean_center_header_left_menu":"0","ocean_custom_header_template":"0","ocean_custom_logo":0,"ocean_custom_retina_logo":0,"ocean_custom_logo_max_width":0,"ocean_custom_logo_tablet_max_width":0,"ocean_custom_logo_mobile_max_width":0,"ocean_custom_logo_max_height":0,"ocean_custom_logo_tablet_max_height":0,"ocean_custom_logo_mobile_max_height":0,"ocean_header_custom_menu":"0","ocean_menu_typo_font_family":"0","ocean_menu_typo_font_subset":"","ocean_menu_typo_font_size":0,"ocean_menu_typo_font_size_tablet":0,"ocean_menu_typo_font_size_mobile":0,"ocean_menu_typo_font_size_unit":"px","ocean_menu_typo_font_weight":"","ocean_menu_typo_font_weight_tablet":"","ocean_menu_typo_font_weight_mobile":"","ocean_menu_typo_transform":"","ocean_menu_typo_transform_tablet":"","ocean_menu_typo_transform_mobile":"","ocean_menu_typo_line_height":0,"ocean_menu_typo_line_height_tablet":0,"ocean_menu_typo_line_height_mobile":0,"ocean_menu_typo_line_height_unit":"","ocean_menu_typo_spacing":0,"ocean_menu_typo_spacing_tablet":0,"ocean_menu_typo_spacing_mobile":0,"ocean_menu_typo_spacing_unit":"","ocean_menu_link_color":"","ocean_menu_link_color_hover":"","ocean_menu_link_color_active":"","ocean_menu_link_background":"","ocean_menu_link_hover_background":"","ocean_menu_link_active_background":"","ocean_menu_social_links_bg":"","ocean_menu_social_hover_links_bg":"","ocean_menu_social_links_color":"","ocean_menu_social_hover_links_color":"","ocean_disable_title":"default","ocean_disable_heading":"default","ocean_post_title":"","ocean_post_subheading":"","ocean_post_title_style":"","ocean_post_title_background_color":"","ocean_post_title_background":0,"ocean_post_title_bg_image_position":"","ocean_post_title_bg_image_attachment":"","ocean_post_title_bg_image_repeat":"","ocean_post_title_bg_image_size":"","ocean_post_title_height":0,"ocean_post_title_bg_overlay":0.5,"ocean_post_title_bg_overlay_color":"","ocean_disable_breadcrumbs":"default","ocean_breadcrumbs_color":"","ocean_breadcrumbs_separator_color":"","ocean_breadcrumbs_links_color":"","ocean_breadcrumbs_links_hover_color":"","ocean_display_footer_widgets":"default","ocean_display_footer_bottom":"default","ocean_custom_footer_template":"0","footnotes":""},"class_list":["post-715","page","type-page","status-publish","hentry","entry"],"yoast_head":"<!-- This site is optimized with the Yoast SEO plugin v24.9 - https:\/\/yoast.com\/wordpress\/plugins\/seo\/ -->\n<title>Ateliers b\u00e9b\u00e9s - Elise Postural, pr\u00e9vention sant\u00e9 par le mouvement<\/title>\n<meta name=\"description\" content=\"Ateliers yoga maman\/b\u00e9b\u00e9 et b\u00e9b\u00e9 signe en petits groupes ou en individuel \u00e0 Meudon.\" \/>\n<meta name=\"robots\" content=\"index, follow, max-snippet:-1, max-image-preview:large, max-video-preview:-1\" \/>\n<link rel=\"canonical\" href=\"https:\/\/elisepostural.fr\/index.php\/stages-ateliers\/\" \/>\n<meta property=\"og:locale\" content=\"fr_FR\" \/>\n<meta property=\"og:type\" content=\"article\" \/>\n<meta property=\"og:title\" content=\"Ateliers b\u00e9b\u00e9s - Elise Postural, pr\u00e9vention sant\u00e9 par le mouvement\" \/>\n<meta property=\"og:description\" content=\"Ateliers yoga maman\/b\u00e9b\u00e9 et b\u00e9b\u00e9 signe en petits groupes ou en individuel \u00e0 Meudon.\" \/>\n<meta property=\"og:url\" content=\"https:\/\/elisepostural.fr\/index.php\/stages-ateliers\/\" \/>\n<meta property=\"og:site_name\" content=\"Elise Postural, pr\u00e9vention sant\u00e9 par le mouvement\" \/>\n<meta property=\"article:publisher\" content=\"https:\/\/www.facebook.com\/elisepostural\" \/>\n<meta property=\"article:modified_time\" content=\"2023-01-18T10:47:09+00:00\" \/>\n<meta name=\"twitter:card\" content=\"summary_large_image\" \/>\n<meta name=\"twitter:label1\" content=\"Dur\u00e9e de lecture estim\u00e9e\" \/>\n\t<meta name=\"twitter:data1\" content=\"3 minutes\" \/>\n<script type=\"application\/ld+json\" class=\"yoast-schema-graph\">{\"@context\":\"https:\/\/schema.org\",\"@graph\":[{\"@type\":\"WebPage\",\"@id\":\"https:\/\/elisepostural.fr\/index.php\/stages-ateliers\/\",\"url\":\"https:\/\/elisepostural.fr\/index.php\/stages-ateliers\/\",\"name\":\"Ateliers b\u00e9b\u00e9s - Elise Postural, pr\u00e9vention sant\u00e9 par le mouvement\",\"isPartOf\":{\"@id\":\"https:\/\/elisepostural.fr\/#website\"},\"datePublished\":\"2021-09-22T11:32:05+00:00\",\"dateModified\":\"2023-01-18T10:47:09+00:00\",\"description\":\"Ateliers yoga maman\/b\u00e9b\u00e9 et b\u00e9b\u00e9 signe en petits groupes ou en individuel \u00e0 Meudon.\",\"breadcrumb\":{\"@id\":\"https:\/\/elisepostural.fr\/index.php\/stages-ateliers\/#breadcrumb\"},\"inLanguage\":\"fr-FR\",\"potentialAction\":[{\"@type\":\"ReadAction\",\"target\":[\"https:\/\/elisepostural.fr\/index.php\/stages-ateliers\/\"]}]},{\"@type\":\"BreadcrumbList\",\"@id\":\"https:\/\/elisepostural.fr\/index.php\/stages-ateliers\/#breadcrumb\",\"itemListElement\":[{\"@type\":\"ListItem\",\"position\":1,\"name\":\"Accueil\",\"item\":\"https:\/\/elisepostural.fr\/\"},{\"@type\":\"ListItem\",\"position\":2,\"name\":\"Ateliers b\u00e9b\u00e9s\"}]},{\"@type\":\"WebSite\",\"@id\":\"https:\/\/elisepostural.fr\/#website\",\"url\":\"https:\/\/elisepostural.fr\/\",\"name\":\"Elise Postural, pr\u00e9vention sant\u00e9 par le mouvement\",\"description\":\"\",\"publisher\":{\"@id\":\"https:\/\/elisepostural.fr\/#organization\"},\"potentialAction\":[{\"@type\":\"SearchAction\",\"target\":{\"@type\":\"EntryPoint\",\"urlTemplate\":\"https:\/\/elisepostural.fr\/?s={search_term_string}\"},\"query-input\":{\"@type\":\"PropertyValueSpecification\",\"valueRequired\":true,\"valueName\":\"search_term_string\"}}],\"inLanguage\":\"fr-FR\"},{\"@type\":\"Organization\",\"@id\":\"https:\/\/elisepostural.fr\/#organization\",\"name\":\"Elise Postural\",\"url\":\"https:\/\/elisepostural.fr\/\",\"logo\":{\"@type\":\"ImageObject\",\"inLanguage\":\"fr-FR\",\"@id\":\"https:\/\/elisepostural.fr\/#\/schema\/logo\/image\/\",\"url\":\"https:\/\/elisepostural.fr\/wp-content\/uploads\/2021\/08\/logo-nobackground-500.png\",\"contentUrl\":\"https:\/\/elisepostural.fr\/wp-content\/uploads\/2021\/08\/logo-nobackground-500.png\",\"width\":500,\"height\":500,\"caption\":\"Elise Postural\"},\"image\":{\"@id\":\"https:\/\/elisepostural.fr\/#\/schema\/logo\/image\/\"},\"sameAs\":[\"https:\/\/www.facebook.com\/elisepostural\",\"https:\/\/www.instagram.com\/elisepostural\/\",\"https:\/\/www.linkedin.com\/in\/elise-nhouyvanisvong-62363772\/\",\"https:\/\/www.youtube.com\/channel\/UCQbx56dVgxXC7sZd01NJOyg\"]}]}<\/script>\n<!-- \/ Yoast SEO plugin. -->","yoast_head_json":{"title":"Ateliers b\u00e9b\u00e9s - Elise Postural, pr\u00e9vention sant\u00e9 par le mouvement","description":"Ateliers yoga maman\/b\u00e9b\u00e9 et b\u00e9b\u00e9 signe en petits groupes ou en individuel \u00e0 Meudon.","robots":{"index":"index","follow":"follow","max-snippet":"max-snippet:-1","max-image-preview":"max-image-preview:large","max-video-preview":"max-video-preview:-1"},"canonical":"https:\/\/elisepostural.fr\/index.php\/stages-ateliers\/","og_locale":"fr_FR","og_type":"article","og_title":"Ateliers b\u00e9b\u00e9s - Elise Postural, pr\u00e9vention sant\u00e9 par le mouvement","og_description":"Ateliers yoga maman\/b\u00e9b\u00e9 et b\u00e9b\u00e9 signe en petits groupes ou en individuel \u00e0 Meudon.","og_url":"https:\/\/elisepostural.fr\/index.php\/stages-ateliers\/","og_site_name":"Elise Postural, pr\u00e9vention sant\u00e9 par le mouvement","article_publisher":"https:\/\/www.facebook.com\/elisepostural","article_modified_time":"2023-01-18T10:47:09+00:00","twitter_card":"summary_large_image","twitter_misc":{"Dur\u00e9e de lecture estim\u00e9e":"3 minutes"},"schema":{"@context":"https:\/\/schema.org","@graph":[{"@type":"WebPage","@id":"https:\/\/elisepostural.fr\/index.php\/stages-ateliers\/","url":"https:\/\/elisepostural.fr\/index.php\/stages-ateliers\/","name":"Ateliers b\u00e9b\u00e9s - Elise Postural, pr\u00e9vention sant\u00e9 par le mouvement","isPartOf":{"@id":"https:\/\/elisepostural.fr\/#website"},"datePublished":"2021-09-22T11:32:05+00:00","dateModified":"2023-01-18T10:47:09+00:00","description":"Ateliers yoga maman\/b\u00e9b\u00e9 et b\u00e9b\u00e9 signe en petits groupes ou en individuel \u00e0 Meudon.","breadcrumb":{"@id":"https:\/\/elisepostural.fr\/index.php\/stages-ateliers\/#breadcrumb"},"inLanguage":"fr-FR","potentialAction":[{"@type":"ReadAction","target":["https:\/\/elisepostural.fr\/index.php\/stages-ateliers\/"]}]},{"@type":"BreadcrumbList","@id":"https:\/\/elisepostural.fr\/index.php\/stages-ateliers\/#breadcrumb","itemListElement":[{"@type":"ListItem","position":1,"name":"Accueil","item":"https:\/\/elisepostural.fr\/"},{"@type":"ListItem","position":2,"name":"Ateliers b\u00e9b\u00e9s"}]},{"@type":"WebSite","@id":"https:\/\/elisepostural.fr\/#website","url":"https:\/\/elisepostural.fr\/","name":"Elise Postural, pr\u00e9vention sant\u00e9 par le mouvement","description":"","publisher":{"@id":"https:\/\/elisepostural.fr\/#organization"},"potentialAction":[{"@type":"SearchAction","target":{"@type":"EntryPoint","urlTemplate":"https:\/\/elisepostural.fr\/?s={search_term_string}"},"query-input":{"@type":"PropertyValueSpecification","valueRequired":true,"valueName":"search_term_string"}}],"inLanguage":"fr-FR"},{"@type":"Organization","@id":"https:\/\/elisepostural.fr\/#organization","name":"Elise Postural","url":"https:\/\/elisepostural.fr\/","logo":{"@type":"ImageObject","inLanguage":"fr-FR","@id":"https:\/\/elisepostural.fr\/#\/schema\/logo\/image\/","url":"https:\/\/elisepostural.fr\/wp-content\/uploads\/2021\/08\/logo-nobackground-500.png","contentUrl":"https:\/\/elisepostural.fr\/wp-content\/uploads\/2021\/08\/logo-nobackground-500.png","width":500,"height":500,"caption":"Elise Postural"},"image":{"@id":"https:\/\/elisepostural.fr\/#\/schema\/logo\/image\/"},"sameAs":["https:\/\/www.facebook.com\/elisepostural","https:\/\/www.instagram.com\/elisepostural\/","https:\/\/www.linkedin.com\/in\/elise-nhouyvanisvong-62363772\/","https:\/\/www.youtube.com\/channel\/UCQbx56dVgxXC7sZd01NJOyg"]}]}},"jetpack_sharing_enabled":true,"_links":{"self":[{"href":"https:\/\/elisepostural.fr\/index.php\/wp-json\/wp\/v2\/pages\/715","targetHints":{"allow":["GET"]}}],"collection":[{"href":"https:\/\/elisepostural.fr\/index.php\/wp-json\/wp\/v2\/pages"}],"about":[{"href":"https:\/\/elisepostural.fr\/index.php\/wp-json\/wp\/v2\/types\/page"}],"author":[{"embeddable":true,"href":"https:\/\/elisepostural.fr\/index.php\/wp-json\/wp\/v2\/users\/1"}],"replies":[{"embeddable":true,"href":"https:\/\/elisepostural.fr\/index.php\/wp-json\/wp\/v2\/comments?post=715"}],"version-history":[{"count":56,"href":"https:\/\/elisepostural.fr\/index.php\/wp-json\/wp\/v2\/pages\/715\/revisions"}],"predecessor-version":[{"id":3528,"href":"https:\/\/elisepostural.fr\/index.php\/wp-json\/wp\/v2\/pages\/715\/revisions\/3528"}],"wp:attachment":[{"href":"https:\/\/elisepostural.fr\/index.php\/wp-json\/wp\/v2\/media?parent=715"}],"curies":[{"name":"wp","href":"https:\/\/api.w.org\/{rel}","templated":true}]}}